{"id":904,"date":"2024-07-24T08:35:31","date_gmt":"2024-07-24T06:35:31","guid":{"rendered":"https:\/\/kasprowicz.com.pl\/polityka-prywatnosci\/"},"modified":"2024-08-07T11:59:41","modified_gmt":"2024-08-07T09:59:41","slug":"polityka-prywatnosci","status":"publish","type":"page","link":"https:\/\/kasprowicz.com.pl\/ru\/polityka-prywatnosci\/","title":{"rendered":"Polityka prywatno\u015bci"},"content":{"rendered":"\t\t<div data-elementor-type=\"wp-page\" data-elementor-id=\"904\" class=\"elementor elementor-904 elementor-3\" data-elementor-post-type=\"page\">\n\t\t\t\t<div class=\"elementor-element elementor-element-63be5983 e-flex e-con-boxed e-con e-parent\" data-id=\"63be5983\" data-element_type=\"container\">\n\t\t\t\t\t<div class=\"e-con-inner\">\n\t\t\t\t<div class=\"elementor-element elementor-element-bfacb09 elementor-widget elementor-widget-heading\" data-id=\"bfacb09\" data-element_type=\"widget\" data-widget_type=\"heading.default\">\n\t\t\t\t<div class=\"elementor-widget-container\">\n\t\t\t\t\t<h2 class=\"elementor-heading-title elementor-size-default\">Polityka prywatno\u015bci<\/h2>\t\t\t\t<\/div>\n\t\t\t\t<\/div>\n\t\t\t\t<div class=\"elementor-element elementor-element-1f4c1f8b elementor-widget elementor-widget-text-editor\" data-id=\"1f4c1f8b\" data-element_type=\"widget\" data-widget_type=\"text-editor.default\">\n\t\t\t\t<div class=\"elementor-widget-container\">\n\t\t\t\t\t\t\t\t\t<p>Polityka prywatno\u015bci <strong>Kasprowicz i Sp\u00f3\u0142ka Sp. z o.o. <\/strong>okre\u015bla zasady zbierania, przetwarzania oraz wykorzystywania Pa\u0144stwa danych osobowych, kt\u00f3re pozyskujemy w trakcie korzystania z us\u0142ug naszego sklepu internetowego. Dok\u0142adamy najlepszych stara\u0144, aby zapewni\u0107 bezpiecze\u0144stwo danych, kt\u00f3re przetwarzamy a nasze dzia\u0142ania nast\u0119puj\u0105 ze szczeg\u00f3lnym poszanowaniem prawa do prywatno\u015bci.<\/p><p><u>Administrator danych osobowych<\/u><\/p><p>Administratorem danych osobowych jest <strong>Kasprowicz i Sp\u00f3\u0142ka Sp. z o.o.<\/strong> z siedzib\u0105 we Wroc\u0142awiu, z kt\u00f3rym mog\u0105 Pa\u0144stwo skontaktowa\u0107 si\u0119 drog\u0105 mailow\u0105 na adres <a href=\"mailto:info@kasprowicz.com.pl\">info@kasprowicz.com.pl<\/a>.<\/p><p><u>Jakie dane zbieramy i sk\u0105d je pozyskujemy?<\/u><\/p><p>Dane osobowe pozyskujemy bezpo\u015brednio od Pa\u0144stwa \u2013 zar\u00f3wno podczas korzystania ze strony internetowej, podczas uzupe\u0142niania formularza kontaktowego, rozpatrywania zapyta\u0144 a ich przetwarzanie mo\u017cliwe jest na podstawie wyra\u017conej zgody, uzasadnionego interesu Administratora czy obowi\u0105zk\u00f3w wynikaj\u0105cych z przepis\u00f3w prawa. Podanie tych danych jest dobrowolne, ale ich niepodanie mo\u017ce oznacza\u0107 brak mo\u017cliwo\u015bci rozpatrzenia zapytania.<\/p><p><u>W jakim celu przetwarzamy dane?<\/u><\/p><p>Dane zgromadzone w naszej firmie przetwarzamy przede wszystkim, aby udzieli\u0107 odpowiedzi na zadawane pytania i rozpatrze\u0107 wnioski z formularzy. Mo\u017cemy przetwarza\u0107 dane osobowe r\u00f3wnie\u017c w celu realizacji prawnie uzasadnionego interesu czy te\u017c marketingu bezpo\u015bredniego. Dane przetwarzamy r\u00f3wnie\u017c, aby zrealizowa\u0107 obowi\u0105zki na\u0142o\u017cone na nas przepisami prawa.<\/p><p><u>Prawa os\u00f3b, kt\u00f3rych dane dotycz\u0105<\/u><\/p><p>Przys\u0142uguje Pa\u0144stwu prawo dost\u0119pu do tre\u015bci swoich danych osobowych oraz prawo do ich sprostowania oraz poprawiania. Mog\u0105 Pa\u0144stwo skorzysta\u0107 r\u00f3wnie\u017c z prawa do usuni\u0119cia danych (z pewnymi ograniczeniami), ograniczenia przetwarzania, przenoszenia danych czy wycofania udzielonej zgody. Przys\u0142uguje Pa\u0144stwo r\u00f3wnie\u017c prawo do wniesienia skargi do organu nadzorczego.\u00a0<\/p><p>Wszystkie prawa mog\u0105 Pa\u0144stwo zrealizowa\u0107 na kilka sposob\u00f3w, mailowo lub korespondencyjnie na adres wskazany w danych Administratora.\u00a0Ka\u017cde zg\u0142oszenie powinno zawiera\u0107\u00a0dane kontaktowe i preferowan\u0105 form\u0119 kontaktu.\u00a0\u00a0<\/p><p><u>Udost\u0119pnienie i profilowanie danych<\/u><\/p><p>Odbiorcami danych mog\u0105 by\u0107 podmioty, kt\u00f3re wspieraj\u0105 nas w realizacji us\u0142ug. Zawsze jednak, je\u015bli dochodzi do przekazania danych, ograniczamy si\u0119 do absolutnego minimum. Co do zasady Pa\u0144stwa dane nie b\u0119d\u0105 podlega\u0142y profilowaniu i targetowaniu.<\/p><p><u>Linki do stron <\/u><\/p><p>W naszej stronie mog\u0105 pojawia\u0107 si\u0119 linki do innych stron internetowych. Takie strony internetowe dzia\u0142aj\u0105 niezale\u017cnie od nas i nie s\u0105 w \u017caden spos\u00f3b nadzorowane przez nas. Mog\u0105 one posiada\u0107 w\u0142asne polityki dotycz\u0105ce prywatno\u015bci oraz regulaminy, z kt\u00f3rymi polecamy si\u0119 zapozna\u0107.<\/p><p><u>PIiki cookies<\/u><\/p><p>Nasza strona ma r\u00f3wnie\u017c dost\u0119p do takich danych jak pliki cookies, ma\u0142ych plik\u00f3w tekstowych, logi lub pliki dziennika. Wszystkie one zawieraj\u0105 okre\u015blone informacje zwi\u0105zane z korzystaniem przez Was z naszej strony. Cho\u0107 w plikach tych mo\u017ce by\u0107 przechowywany numer identyfikuj\u0105cy Pa\u0144stwa urz\u0105dzenie, informacje te nie pozwalaj\u0105 na identyfikacj\u0119 U\u017cytkownik\u00f3w.\u00a0Korzystamy r\u00f3wnie\u017c z technologii\u00a0localStorage\u00a0aby uzyska\u0107 informacje o\u00a0tym czego poszukujecie.\u00a0Dzi\u0119ki temu strona pozyskuje informacje o tym, co powinni\u015bmy\u00a0ulepszy\u0107.\u00a0\u00a0Pliki \u201ecookies\u201d i dane z\u00a0localStorage\u00a0pomagaj\u0105\u00a0r\u00f3wnie\u017c\u00a0utrzyma\u0107\u00a0sesje po zalogowaniu U\u017cytkownika.\u00a0Identyfikacja w zakresie tych plik\u00f3w jest bezosobowa\u00a0i obejmuje wy\u0142\u0105cznie dane dotycz\u0105ce sposobu i formy korzystania z naszych stron i narz\u0119dzi.\u00a0<\/p><p><u>Zmiany Polityki Prywatno\u015bci<\/u><\/p><p>Stale pracujemy nad\u00a0tym,\u00a0aby co\u015b ulepszy\u0107 \u2013 us\u0142ugi,\u00a0oferty, narz\u0119dzia, bezpiecze\u0144stwo. \u015aledzimy nowinki techniczne, stale poszukujemy nowych, lepszych rozwi\u0105za\u0144. Poniewa\u017c ci\u0105gle rozwijamy si\u0119,\u00a0nasza Polityka Prywatno\u015bci jest na bie\u017c\u0105co aktualizowana.<\/p>\t\t\t\t\t\t\t\t<\/div>\n\t\t\t\t<\/div>\n\t\t\t\t\t<\/div>\n\t\t\t\t<\/div>\n\t\t\t\t<\/div>\n\t\t","protected":false},"excerpt":{"rendered":"<p>Polityka prywatno\u015bci Polityka prywatno\u015bci Kasprowicz i Sp\u00f3\u0142ka Sp. z o.o. okre\u015bla zasady zbierania, przetwarzania oraz wykorzystywania Pa\u0144stwa danych osobowych, kt\u00f3re pozyskujemy w trakcie korzystania z us\u0142ug naszego sklepu internetowego. Dok\u0142adamy najlepszych stara\u0144, aby zapewni\u0107 bezpiecze\u0144stwo danych, kt\u00f3re przetwarzamy a nasze dzia\u0142ania nast\u0119puj\u0105 ze szczeg\u00f3lnym poszanowaniem prawa do prywatno\u015bci. Administrator danych osobowych Administratorem danych osobowych jest [&hellip;]<\/p>\n","protected":false},"author":1,"featured_media":0,"parent":0,"menu_order":0,"comment_status":"closed","ping_status":"open","template":"elementor_header_footer","meta":{"_acf_changed":false,"footnotes":""},"class_list":["post-904","page","type-page","status-publish","hentry"],"acf":[],"yoast_head":"<!-- This site is optimized with the Yoast SEO plugin v26.0 - https:\/\/yoast.com\/wordpress\/plugins\/seo\/ -->\n<title>Polityka prywatno\u015bci - Czy\u015bciwo - KASPROWICZ - Czy\u015bciwo bawe\u0142niane, przemys\u0142owe i techniczne<\/title>\n<meta name=\"robots\" content=\"index, follow, max-snippet:-1, max-image-preview:large, max-video-preview:-1\" \/>\n<link rel=\"canonical\" href=\"https:\/\/kasprowicz.com.pl\/polityka-prywatnosci\/\" \/>\n<meta property=\"og:locale\" content=\"ru_RU\" \/>\n<meta property=\"og:type\" content=\"article\" \/>\n<meta property=\"og:title\" content=\"Polityka prywatno\u015bci - Czy\u015bciwo - KASPROWICZ - Czy\u015bciwo bawe\u0142niane, przemys\u0142owe i techniczne\" \/>\n<meta property=\"og:description\" content=\"Polityka prywatno\u015bci Polityka prywatno\u015bci Kasprowicz i Sp\u00f3\u0142ka Sp. z o.o. okre\u015bla zasady zbierania, przetwarzania oraz wykorzystywania Pa\u0144stwa danych osobowych, kt\u00f3re pozyskujemy w trakcie korzystania z us\u0142ug naszego sklepu internetowego. Dok\u0142adamy najlepszych stara\u0144, aby zapewni\u0107 bezpiecze\u0144stwo danych, kt\u00f3re przetwarzamy a nasze dzia\u0142ania nast\u0119puj\u0105 ze szczeg\u00f3lnym poszanowaniem prawa do prywatno\u015bci. Administrator danych osobowych Administratorem danych osobowych jest [&hellip;]\" \/>\n<meta property=\"og:url\" content=\"https:\/\/kasprowicz.com.pl\/polityka-prywatnosci\/\" \/>\n<meta property=\"og:site_name\" content=\"Czy\u015bciwo - KASPROWICZ - Czy\u015bciwo bawe\u0142niane, przemys\u0142owe i techniczne\" \/>\n<meta property=\"article:modified_time\" content=\"2024-08-07T09:59:41+00:00\" \/>\n<meta name=\"twitter:card\" content=\"summary_large_image\" \/>\n<meta name=\"twitter:label1\" content=\"\u041f\u0440\u0438\u043c\u0435\u0440\u043d\u043e\u0435 \u0432\u0440\u0435\u043c\u044f \u0434\u043b\u044f \u0447\u0442\u0435\u043d\u0438\u044f\" \/>\n\t<meta name=\"twitter:data1\" content=\"3 \u043c\u0438\u043d\u0443\u0442\u044b\" \/>\n<script type=\"application\/ld+json\" class=\"yoast-schema-graph\">{\"@context\":\"https:\/\/schema.org\",\"@graph\":[{\"@type\":\"WebPage\",\"@id\":\"https:\/\/kasprowicz.com.pl\/polityka-prywatnosci\/\",\"url\":\"https:\/\/kasprowicz.com.pl\/polityka-prywatnosci\/\",\"name\":\"Polityka prywatno\u015bci - Czy\u015bciwo - KASPROWICZ - Czy\u015bciwo bawe\u0142niane, przemys\u0142owe i techniczne\",\"isPartOf\":{\"@id\":\"https:\/\/kasprowicz.com.pl\/#website\"},\"datePublished\":\"2024-07-24T06:35:31+00:00\",\"dateModified\":\"2024-08-07T09:59:41+00:00\",\"breadcrumb\":{\"@id\":\"https:\/\/kasprowicz.com.pl\/polityka-prywatnosci\/#breadcrumb\"},\"inLanguage\":\"ru-RU\",\"potentialAction\":[{\"@type\":\"ReadAction\",\"target\":[\"https:\/\/kasprowicz.com.pl\/polityka-prywatnosci\/\"]}]},{\"@type\":\"BreadcrumbList\",\"@id\":\"https:\/\/kasprowicz.com.pl\/polityka-prywatnosci\/#breadcrumb\",\"itemListElement\":[{\"@type\":\"ListItem\",\"position\":1,\"name\":\"Strona g\u0142\u00f3wna\",\"item\":\"https:\/\/kasprowicz.com.pl\/\"},{\"@type\":\"ListItem\",\"position\":2,\"name\":\"Polityka prywatno\u015bci\"}]},{\"@type\":\"WebSite\",\"@id\":\"https:\/\/kasprowicz.com.pl\/#website\",\"url\":\"https:\/\/kasprowicz.com.pl\/\",\"name\":\"Czy\u015bciwo - KASPROWICZ - Czy\u015bciwo bawe\u0142niane, przemys\u0142owe i techniczne\",\"description\":\"\",\"potentialAction\":[{\"@type\":\"SearchAction\",\"target\":{\"@type\":\"EntryPoint\",\"urlTemplate\":\"https:\/\/kasprowicz.com.pl\/?s={search_term_string}\"},\"query-input\":{\"@type\":\"PropertyValueSpecification\",\"valueRequired\":true,\"valueName\":\"search_term_string\"}}],\"inLanguage\":\"ru-RU\"}]}<\/script>\n<!-- \/ Yoast SEO plugin. -->","yoast_head_json":{"title":"Polityka prywatno\u015bci - Czy\u015bciwo - KASPROWICZ - Czy\u015bciwo bawe\u0142niane, przemys\u0142owe i techniczne","robots":{"index":"index","follow":"follow","max-snippet":"max-snippet:-1","max-image-preview":"max-image-preview:large","max-video-preview":"max-video-preview:-1"},"canonical":"https:\/\/kasprowicz.com.pl\/polityka-prywatnosci\/","og_locale":"ru_RU","og_type":"article","og_title":"Polityka prywatno\u015bci - Czy\u015bciwo - KASPROWICZ - Czy\u015bciwo bawe\u0142niane, przemys\u0142owe i techniczne","og_description":"Polityka prywatno\u015bci Polityka prywatno\u015bci Kasprowicz i Sp\u00f3\u0142ka Sp. z o.o. okre\u015bla zasady zbierania, przetwarzania oraz wykorzystywania Pa\u0144stwa danych osobowych, kt\u00f3re pozyskujemy w trakcie korzystania z us\u0142ug naszego sklepu internetowego. Dok\u0142adamy najlepszych stara\u0144, aby zapewni\u0107 bezpiecze\u0144stwo danych, kt\u00f3re przetwarzamy a nasze dzia\u0142ania nast\u0119puj\u0105 ze szczeg\u00f3lnym poszanowaniem prawa do prywatno\u015bci. Administrator danych osobowych Administratorem danych osobowych jest [&hellip;]","og_url":"https:\/\/kasprowicz.com.pl\/polityka-prywatnosci\/","og_site_name":"Czy\u015bciwo - KASPROWICZ - Czy\u015bciwo bawe\u0142niane, przemys\u0142owe i techniczne","article_modified_time":"2024-08-07T09:59:41+00:00","twitter_card":"summary_large_image","twitter_misc":{"\u041f\u0440\u0438\u043c\u0435\u0440\u043d\u043e\u0435 \u0432\u0440\u0435\u043c\u044f \u0434\u043b\u044f \u0447\u0442\u0435\u043d\u0438\u044f":"3 \u043c\u0438\u043d\u0443\u0442\u044b"},"schema":{"@context":"https:\/\/schema.org","@graph":[{"@type":"WebPage","@id":"https:\/\/kasprowicz.com.pl\/polityka-prywatnosci\/","url":"https:\/\/kasprowicz.com.pl\/polityka-prywatnosci\/","name":"Polityka prywatno\u015bci - Czy\u015bciwo - KASPROWICZ - Czy\u015bciwo bawe\u0142niane, przemys\u0142owe i techniczne","isPartOf":{"@id":"https:\/\/kasprowicz.com.pl\/#website"},"datePublished":"2024-07-24T06:35:31+00:00","dateModified":"2024-08-07T09:59:41+00:00","breadcrumb":{"@id":"https:\/\/kasprowicz.com.pl\/polityka-prywatnosci\/#breadcrumb"},"inLanguage":"ru-RU","potentialAction":[{"@type":"ReadAction","target":["https:\/\/kasprowicz.com.pl\/polityka-prywatnosci\/"]}]},{"@type":"BreadcrumbList","@id":"https:\/\/kasprowicz.com.pl\/polityka-prywatnosci\/#breadcrumb","itemListElement":[{"@type":"ListItem","position":1,"name":"Strona g\u0142\u00f3wna","item":"https:\/\/kasprowicz.com.pl\/"},{"@type":"ListItem","position":2,"name":"Polityka prywatno\u015bci"}]},{"@type":"WebSite","@id":"https:\/\/kasprowicz.com.pl\/#website","url":"https:\/\/kasprowicz.com.pl\/","name":"Czy\u015bciwo - KASPROWICZ - Czy\u015bciwo bawe\u0142niane, przemys\u0142owe i techniczne","description":"","potentialAction":[{"@type":"SearchAction","target":{"@type":"EntryPoint","urlTemplate":"https:\/\/kasprowicz.com.pl\/?s={search_term_string}"},"query-input":{"@type":"PropertyValueSpecification","valueRequired":true,"valueName":"search_term_string"}}],"inLanguage":"ru-RU"}]}},"_links":{"self":[{"href":"https:\/\/kasprowicz.com.pl\/ru\/wp-json\/wp\/v2\/pages\/904","targetHints":{"allow":["GET"]}}],"collection":[{"href":"https:\/\/kasprowicz.com.pl\/ru\/wp-json\/wp\/v2\/pages"}],"about":[{"href":"https:\/\/kasprowicz.com.pl\/ru\/wp-json\/wp\/v2\/types\/page"}],"author":[{"embeddable":true,"href":"https:\/\/kasprowicz.com.pl\/ru\/wp-json\/wp\/v2\/users\/1"}],"replies":[{"embeddable":true,"href":"https:\/\/kasprowicz.com.pl\/ru\/wp-json\/wp\/v2\/comments?post=904"}],"version-history":[{"count":1,"href":"https:\/\/kasprowicz.com.pl\/ru\/wp-json\/wp\/v2\/pages\/904\/revisions"}],"predecessor-version":[{"id":907,"href":"https:\/\/kasprowicz.com.pl\/ru\/wp-json\/wp\/v2\/pages\/904\/revisions\/907"}],"wp:attachment":[{"href":"https:\/\/kasprowicz.com.pl\/ru\/wp-json\/wp\/v2\/media?parent=904"}],"curies":[{"name":"wp","href":"https:\/\/api.w.org\/{rel}","templated":true}]}}