{"id":772,"date":"2024-08-01T14:07:47","date_gmt":"2024-08-01T12:07:47","guid":{"rendered":"https:\/\/kasprowicz.com.pl\/company\/"},"modified":"2024-08-07T09:55:28","modified_gmt":"2024-08-07T07:55:28","slug":"company","status":"publish","type":"page","link":"https:\/\/kasprowicz.com.pl\/en\/company\/","title":{"rendered":"Company"},"content":{"rendered":"\t\t<div data-elementor-type=\"wp-page\" data-elementor-id=\"772\" class=\"elementor elementor-772 elementor-470\" data-elementor-post-type=\"page\">\n\t\t\t\t\t\t<section class=\"elementor-section elementor-top-section elementor-element elementor-element-2f19ec7c elementor-section-boxed elementor-section-height-default elementor-section-height-default\" data-id=\"2f19ec7c\" data-element_type=\"section\" data-settings=\"{&quot;background_background&quot;:&quot;classic&quot;}\">\n\t\t\t\t\t\t\t<div class=\"elementor-background-overlay\"><\/div>\n\t\t\t\t\t\t\t<div class=\"elementor-container elementor-column-gap-no\">\n\t\t\t\t\t<div class=\"elementor-column elementor-col-100 elementor-top-column elementor-element elementor-element-8e8b497\" data-id=\"8e8b497\" data-element_type=\"column\">\n\t\t\t<div class=\"elementor-widget-wrap elementor-element-populated\">\n\t\t\t\t\t\t<div class=\"elementor-element elementor-element-28e10a1 elementor-widget elementor-widget-heading\" data-id=\"28e10a1\" data-element_type=\"widget\" data-widget_type=\"heading.default\">\n\t\t\t\t<div class=\"elementor-widget-container\">\n\t\t\t\t\t<h2 class=\"elementor-heading-title elementor-size-default\">Company<\/h2>\t\t\t\t<\/div>\n\t\t\t\t<\/div>\n\t\t\t\t\t<\/div>\n\t\t<\/div>\n\t\t\t\t\t<\/div>\n\t\t<\/section>\n\t\t\t\t<section class=\"elementor-section elementor-top-section elementor-element elementor-element-18b975a elementor-section-full_width elementor-section-height-default elementor-section-height-default\" data-id=\"18b975a\" data-element_type=\"section\">\n\t\t\t\t\t\t<div class=\"elementor-container elementor-column-gap-no\">\n\t\t\t\t\t<div class=\"elementor-column elementor-col-100 elementor-top-column elementor-element elementor-element-7225fe79\" data-id=\"7225fe79\" data-element_type=\"column\">\n\t\t\t<div class=\"elementor-widget-wrap elementor-element-populated\">\n\t\t\t\t\t\t<div class=\"elementor-element elementor-element-f244a09 elementor-widget elementor-widget-image\" data-id=\"f244a09\" data-element_type=\"widget\" data-widget_type=\"image.default\">\n\t\t\t\t<div class=\"elementor-widget-container\">\n\t\t\t\t\t\t\t\t\t\t\t\t\t\t\t<img fetchpriority=\"high\" decoding=\"async\" width=\"1000\" height=\"290\" src=\"https:\/\/kasprowicz.com.pl\/wp-content\/uploads\/2024\/07\/LINK_FIRMA.jpg\" class=\"attachment-full size-full wp-image-606\" alt=\"\" srcset=\"https:\/\/kasprowicz.com.pl\/wp-content\/uploads\/2024\/07\/LINK_FIRMA.jpg 1000w, https:\/\/kasprowicz.com.pl\/wp-content\/uploads\/2024\/07\/LINK_FIRMA-300x87.jpg 300w, https:\/\/kasprowicz.com.pl\/wp-content\/uploads\/2024\/07\/LINK_FIRMA-768x223.jpg 768w\" sizes=\"(max-width: 1000px) 100vw, 1000px\" \/>\t\t\t\t\t\t\t\t\t\t\t\t\t\t\t<\/div>\n\t\t\t\t<\/div>\n\t\t\t\t\t<\/div>\n\t\t<\/div>\n\t\t\t\t\t<\/div>\n\t\t<\/section>\n\t\t\t\t<section class=\"elementor-section elementor-top-section elementor-element elementor-element-5e4ee5af elementor-section-boxed elementor-section-height-default elementor-section-height-default\" data-id=\"5e4ee5af\" data-element_type=\"section\" data-settings=\"{&quot;background_background&quot;:&quot;classic&quot;}\">\n\t\t\t\t\t\t\t<div class=\"elementor-background-overlay\"><\/div>\n\t\t\t\t\t\t\t<div class=\"elementor-container elementor-column-gap-no\">\n\t\t\t\t\t<div class=\"elementor-column elementor-col-100 elementor-top-column elementor-element elementor-element-a3ffaf8\" data-id=\"a3ffaf8\" data-element_type=\"column\">\n\t\t\t<div class=\"elementor-widget-wrap elementor-element-populated\">\n\t\t\t\t\t\t<div class=\"elementor-element elementor-element-38b90be elementor-widget elementor-widget-text-editor\" data-id=\"38b90be\" data-element_type=\"widget\" data-widget_type=\"text-editor.default\">\n\t\t\t\t<div class=\"elementor-widget-container\">\n\t\t\t\t\t\t\t\t\t<p class=\"uk-article-title\"><strong>Company<\/strong><\/p><p>Kasprowicz i Sp\u00f3\u0142ka Sp. z o.o. Company has been operating since 1991. Our rich experience within the field of production and trade of cotton wiping rags has been appreciated by our numerous, native as well as foregin clients in whole Poland: automotive companies, producers of building materials, printing companies, workshops, machine manufacturers and others.<\/p>\t\t\t\t\t\t\t\t<\/div>\n\t\t\t\t<\/div>\n\t\t\t\t\t<\/div>\n\t\t<\/div>\n\t\t\t\t\t<\/div>\n\t\t<\/section>\n\t\t\t\t<section class=\"elementor-section elementor-top-section elementor-element elementor-element-40265c90 elementor-section-boxed elementor-section-height-default elementor-section-height-default\" data-id=\"40265c90\" data-element_type=\"section\" data-settings=\"{&quot;background_background&quot;:&quot;gradient&quot;}\">\n\t\t\t\t\t\t<div class=\"elementor-container elementor-column-gap-no\">\n\t\t\t\t\t<div class=\"elementor-column elementor-col-100 elementor-top-column elementor-element elementor-element-4a59e8fe\" data-id=\"4a59e8fe\" data-element_type=\"column\">\n\t\t\t<div class=\"elementor-widget-wrap elementor-element-populated\">\n\t\t\t\t\t\t<div class=\"elementor-element elementor-element-e31be1d elementor-widget elementor-widget-heading\" data-id=\"e31be1d\" data-element_type=\"widget\" data-widget_type=\"heading.default\">\n\t\t\t\t<div class=\"elementor-widget-container\">\n\t\t\t\t\t<h2 class=\"elementor-heading-title elementor-size-default\">We are one of the biggest supplier in Down Silesia Region of Poland.<\/h2>\t\t\t\t<\/div>\n\t\t\t\t<\/div>\n\t\t\t\t<div class=\"elementor-element elementor-element-c034d43 elementor-widget__width-initial elementor-widget elementor-widget-text-editor\" data-id=\"c034d43\" data-element_type=\"widget\" data-widget_type=\"text-editor.default\">\n\t\t\t\t<div class=\"elementor-widget-container\">\n\t\t\t\t\t\t\t\t\t<p>The company growth can be seen year on year. Presently Kasprowicz Textile Recycling hires 90 people. Monthly production of clothing is approximately 250 thousand kilograms and additional products of 300 thousand kilograms.<\/p><p>The majority of our goods is sold to the countries of European Union (Germany, Sweden, Danmark, Netherlands, Belgium, Croatia, France, Slovakia, Slovenia, Greece) and exported to East and South Europe (Russia, Belarus ).<\/p><p>Kasprowicz Textile Recycling partially produces textile, ground felt, and wadding on the basis of second-hand clothing and textile waste such as leftovers, defective materials and lower grade upholstery sewing materials.<br \/>The company specializes in jeans products as well as knitted wool, cotton, acrylic and polyester.<\/p>\t\t\t\t\t\t\t\t<\/div>\n\t\t\t\t<\/div>\n\t\t\t\t\t<\/div>\n\t\t<\/div>\n\t\t\t\t\t<\/div>\n\t\t<\/section>\n\t\t<div class=\"elementor-element elementor-element-aeea6f1 e-flex e-con-boxed e-con e-parent\" data-id=\"aeea6f1\" data-element_type=\"container\">\n\t\t\t\t\t<div class=\"e-con-inner\">\n\t\t\t\t<div class=\"elementor-element elementor-element-1272af5 elementor-widget elementor-widget-image\" data-id=\"1272af5\" data-element_type=\"widget\" data-widget_type=\"image.default\">\n\t\t\t\t<div class=\"elementor-widget-container\">\n\t\t\t\t\t\t\t\t\t\t\t\t\t\t\t\t<a href=\"https:\/\/kasprowicz.com.pl\/wp-content\/uploads\/2024\/08\/IMG_0001.jpg\" data-elementor-open-lightbox=\"yes\" data-elementor-lightbox-title=\"IMG_0001\" data-e-action-hash=\"#elementor-action%3Aaction%3Dlightbox%26settings%3DeyJpZCI6NzE0LCJ1cmwiOiJodHRwczpcL1wva2FzcHJvd2ljei5jb20ucGxcL3dwLWNvbnRlbnRcL3VwbG9hZHNcLzIwMjRcLzA4XC9JTUdfMDAwMS5qcGcifQ%3D%3D\">\n\t\t\t\t\t\t\t<img decoding=\"async\" width=\"300\" height=\"211\" src=\"https:\/\/kasprowicz.com.pl\/wp-content\/uploads\/2024\/08\/IMG_0001-300x211.jpg\" class=\"attachment-medium size-medium wp-image-714\" alt=\"\" srcset=\"https:\/\/kasprowicz.com.pl\/wp-content\/uploads\/2024\/08\/IMG_0001-300x211.jpg 300w, https:\/\/kasprowicz.com.pl\/wp-content\/uploads\/2024\/08\/IMG_0001-768x541.jpg 768w, https:\/\/kasprowicz.com.pl\/wp-content\/uploads\/2024\/08\/IMG_0001.jpg 837w\" sizes=\"(max-width: 300px) 100vw, 300px\" \/>\t\t\t\t\t\t\t\t<\/a>\n\t\t\t\t\t\t\t\t\t\t\t\t\t\t\t<\/div>\n\t\t\t\t<\/div>\n\t\t\t\t<div class=\"elementor-element elementor-element-f012552 elementor-widget elementor-widget-image\" data-id=\"f012552\" data-element_type=\"widget\" data-widget_type=\"image.default\">\n\t\t\t\t<div class=\"elementor-widget-container\">\n\t\t\t\t\t\t\t\t\t\t\t\t\t\t\t\t<a href=\"https:\/\/wizytowka.rzetelnafirma.pl\/ZA989VA3\/1\">\n\t\t\t\t\t\t\t<img decoding=\"async\" width=\"300\" height=\"144\" src=\"https:\/\/kasprowicz.com.pl\/wp-content\/uploads\/2024\/08\/rzetelna_firma_1-300x144.png\" class=\"attachment-medium size-medium wp-image-717\" alt=\"\" srcset=\"https:\/\/kasprowicz.com.pl\/wp-content\/uploads\/2024\/08\/rzetelna_firma_1-300x144.png 300w, https:\/\/kasprowicz.com.pl\/wp-content\/uploads\/2024\/08\/rzetelna_firma_1.png 480w\" sizes=\"(max-width: 300px) 100vw, 300px\" \/>\t\t\t\t\t\t\t\t<\/a>\n\t\t\t\t\t\t\t\t\t\t\t\t\t\t\t<\/div>\n\t\t\t\t<\/div>\n\t\t\t\t\t<\/div>\n\t\t\t\t<\/div>\n\t\t\t\t<\/div>\n\t\t","protected":false},"excerpt":{"rendered":"<p>Company Company Kasprowicz i Sp\u00f3\u0142ka Sp. z o.o. Company has been operating since 1991. Our rich experience within the field of production and trade of cotton wiping rags has been appreciated by our numerous, native as well as foregin clients in whole Poland: automotive companies, producers of building materials, printing companies, workshops, machine manufacturers and [&hellip;]<\/p>\n","protected":false},"author":2,"featured_media":0,"parent":0,"menu_order":0,"comment_status":"closed","ping_status":"closed","template":"elementor_header_footer","meta":{"_acf_changed":false,"footnotes":""},"class_list":["post-772","page","type-page","status-publish","hentry"],"acf":[],"yoast_head":"<!-- This site is optimized with the Yoast SEO plugin v26.0 - https:\/\/yoast.com\/wordpress\/plugins\/seo\/ -->\n<title>Company - Czy\u015bciwo - KASPROWICZ - Czy\u015bciwo bawe\u0142niane, przemys\u0142owe i techniczne<\/title>\n<meta name=\"robots\" content=\"index, follow, max-snippet:-1, max-image-preview:large, max-video-preview:-1\" \/>\n<link rel=\"canonical\" href=\"https:\/\/kasprowicz.com.pl\/firma\/\" \/>\n<meta property=\"og:locale\" content=\"en_US\" \/>\n<meta property=\"og:type\" content=\"article\" \/>\n<meta property=\"og:title\" content=\"Company - Czy\u015bciwo - KASPROWICZ - Czy\u015bciwo bawe\u0142niane, przemys\u0142owe i techniczne\" \/>\n<meta property=\"og:description\" content=\"Company Company Kasprowicz i Sp\u00f3\u0142ka Sp. z o.o. Company has been operating since 1991. Our rich experience within the field of production and trade of cotton wiping rags has been appreciated by our numerous, native as well as foregin clients in whole Poland: automotive companies, producers of building materials, printing companies, workshops, machine manufacturers and [&hellip;]\" \/>\n<meta property=\"og:url\" content=\"https:\/\/kasprowicz.com.pl\/firma\/\" \/>\n<meta property=\"og:site_name\" content=\"Czy\u015bciwo - KASPROWICZ - Czy\u015bciwo bawe\u0142niane, przemys\u0142owe i techniczne\" \/>\n<meta property=\"article:modified_time\" content=\"2024-08-07T07:55:28+00:00\" \/>\n<meta property=\"og:image\" content=\"https:\/\/kasprowicz.com.pl\/wp-content\/uploads\/2024\/07\/LINK_FIRMA.jpg\" \/>\n<meta name=\"twitter:card\" content=\"summary_large_image\" \/>\n<meta name=\"twitter:label1\" content=\"Est. reading time\" \/>\n\t<meta name=\"twitter:data1\" content=\"1 minute\" \/>\n<script type=\"application\/ld+json\" class=\"yoast-schema-graph\">{\"@context\":\"https:\/\/schema.org\",\"@graph\":[{\"@type\":\"WebPage\",\"@id\":\"https:\/\/kasprowicz.com.pl\/firma\/\",\"url\":\"https:\/\/kasprowicz.com.pl\/firma\/\",\"name\":\"Company - Czy\u015bciwo - KASPROWICZ - Czy\u015bciwo bawe\u0142niane, przemys\u0142owe i techniczne\",\"isPartOf\":{\"@id\":\"https:\/\/kasprowicz.com.pl\/#website\"},\"primaryImageOfPage\":{\"@id\":\"https:\/\/kasprowicz.com.pl\/firma\/#primaryimage\"},\"image\":{\"@id\":\"https:\/\/kasprowicz.com.pl\/firma\/#primaryimage\"},\"thumbnailUrl\":\"https:\/\/kasprowicz.com.pl\/wp-content\/uploads\/2024\/07\/LINK_FIRMA.jpg\",\"datePublished\":\"2024-08-01T12:07:47+00:00\",\"dateModified\":\"2024-08-07T07:55:28+00:00\",\"breadcrumb\":{\"@id\":\"https:\/\/kasprowicz.com.pl\/firma\/#breadcrumb\"},\"inLanguage\":\"en-US\",\"potentialAction\":[{\"@type\":\"ReadAction\",\"target\":[\"https:\/\/kasprowicz.com.pl\/firma\/\"]}]},{\"@type\":\"ImageObject\",\"inLanguage\":\"en-US\",\"@id\":\"https:\/\/kasprowicz.com.pl\/firma\/#primaryimage\",\"url\":\"https:\/\/kasprowicz.com.pl\/wp-content\/uploads\/2024\/07\/LINK_FIRMA.jpg\",\"contentUrl\":\"https:\/\/kasprowicz.com.pl\/wp-content\/uploads\/2024\/07\/LINK_FIRMA.jpg\"},{\"@type\":\"BreadcrumbList\",\"@id\":\"https:\/\/kasprowicz.com.pl\/firma\/#breadcrumb\",\"itemListElement\":[{\"@type\":\"ListItem\",\"position\":1,\"name\":\"Strona g\u0142\u00f3wna\",\"item\":\"https:\/\/kasprowicz.com.pl\/\"},{\"@type\":\"ListItem\",\"position\":2,\"name\":\"Company\"}]},{\"@type\":\"WebSite\",\"@id\":\"https:\/\/kasprowicz.com.pl\/#website\",\"url\":\"https:\/\/kasprowicz.com.pl\/\",\"name\":\"Czy\u015bciwo - KASPROWICZ - Czy\u015bciwo bawe\u0142niane, przemys\u0142owe i techniczne\",\"description\":\"\",\"potentialAction\":[{\"@type\":\"SearchAction\",\"target\":{\"@type\":\"EntryPoint\",\"urlTemplate\":\"https:\/\/kasprowicz.com.pl\/?s={search_term_string}\"},\"query-input\":{\"@type\":\"PropertyValueSpecification\",\"valueRequired\":true,\"valueName\":\"search_term_string\"}}],\"inLanguage\":\"en-US\"}]}<\/script>\n<!-- \/ Yoast SEO plugin. -->","yoast_head_json":{"title":"Company - Czy\u015bciwo - KASPROWICZ - Czy\u015bciwo bawe\u0142niane, przemys\u0142owe i techniczne","robots":{"index":"index","follow":"follow","max-snippet":"max-snippet:-1","max-image-preview":"max-image-preview:large","max-video-preview":"max-video-preview:-1"},"canonical":"https:\/\/kasprowicz.com.pl\/firma\/","og_locale":"en_US","og_type":"article","og_title":"Company - Czy\u015bciwo - KASPROWICZ - Czy\u015bciwo bawe\u0142niane, przemys\u0142owe i techniczne","og_description":"Company Company Kasprowicz i Sp\u00f3\u0142ka Sp. z o.o. Company has been operating since 1991. Our rich experience within the field of production and trade of cotton wiping rags has been appreciated by our numerous, native as well as foregin clients in whole Poland: automotive companies, producers of building materials, printing companies, workshops, machine manufacturers and [&hellip;]","og_url":"https:\/\/kasprowicz.com.pl\/firma\/","og_site_name":"Czy\u015bciwo - KASPROWICZ - Czy\u015bciwo bawe\u0142niane, przemys\u0142owe i techniczne","article_modified_time":"2024-08-07T07:55:28+00:00","og_image":[{"url":"https:\/\/kasprowicz.com.pl\/wp-content\/uploads\/2024\/07\/LINK_FIRMA.jpg","type":"","width":"","height":""}],"twitter_card":"summary_large_image","twitter_misc":{"Est. reading time":"1 minute"},"schema":{"@context":"https:\/\/schema.org","@graph":[{"@type":"WebPage","@id":"https:\/\/kasprowicz.com.pl\/firma\/","url":"https:\/\/kasprowicz.com.pl\/firma\/","name":"Company - Czy\u015bciwo - KASPROWICZ - Czy\u015bciwo bawe\u0142niane, przemys\u0142owe i techniczne","isPartOf":{"@id":"https:\/\/kasprowicz.com.pl\/#website"},"primaryImageOfPage":{"@id":"https:\/\/kasprowicz.com.pl\/firma\/#primaryimage"},"image":{"@id":"https:\/\/kasprowicz.com.pl\/firma\/#primaryimage"},"thumbnailUrl":"https:\/\/kasprowicz.com.pl\/wp-content\/uploads\/2024\/07\/LINK_FIRMA.jpg","datePublished":"2024-08-01T12:07:47+00:00","dateModified":"2024-08-07T07:55:28+00:00","breadcrumb":{"@id":"https:\/\/kasprowicz.com.pl\/firma\/#breadcrumb"},"inLanguage":"en-US","potentialAction":[{"@type":"ReadAction","target":["https:\/\/kasprowicz.com.pl\/firma\/"]}]},{"@type":"ImageObject","inLanguage":"en-US","@id":"https:\/\/kasprowicz.com.pl\/firma\/#primaryimage","url":"https:\/\/kasprowicz.com.pl\/wp-content\/uploads\/2024\/07\/LINK_FIRMA.jpg","contentUrl":"https:\/\/kasprowicz.com.pl\/wp-content\/uploads\/2024\/07\/LINK_FIRMA.jpg"},{"@type":"BreadcrumbList","@id":"https:\/\/kasprowicz.com.pl\/firma\/#breadcrumb","itemListElement":[{"@type":"ListItem","position":1,"name":"Strona g\u0142\u00f3wna","item":"https:\/\/kasprowicz.com.pl\/"},{"@type":"ListItem","position":2,"name":"Company"}]},{"@type":"WebSite","@id":"https:\/\/kasprowicz.com.pl\/#website","url":"https:\/\/kasprowicz.com.pl\/","name":"Czy\u015bciwo - KASPROWICZ - Czy\u015bciwo bawe\u0142niane, przemys\u0142owe i techniczne","description":"","potentialAction":[{"@type":"SearchAction","target":{"@type":"EntryPoint","urlTemplate":"https:\/\/kasprowicz.com.pl\/?s={search_term_string}"},"query-input":{"@type":"PropertyValueSpecification","valueRequired":true,"valueName":"search_term_string"}}],"inLanguage":"en-US"}]}},"_links":{"self":[{"href":"https:\/\/kasprowicz.com.pl\/en\/wp-json\/wp\/v2\/pages\/772","targetHints":{"allow":["GET"]}}],"collection":[{"href":"https:\/\/kasprowicz.com.pl\/en\/wp-json\/wp\/v2\/pages"}],"about":[{"href":"https:\/\/kasprowicz.com.pl\/en\/wp-json\/wp\/v2\/types\/page"}],"author":[{"embeddable":true,"href":"https:\/\/kasprowicz.com.pl\/en\/wp-json\/wp\/v2\/users\/2"}],"replies":[{"embeddable":true,"href":"https:\/\/kasprowicz.com.pl\/en\/wp-json\/wp\/v2\/comments?post=772"}],"version-history":[{"count":4,"href":"https:\/\/kasprowicz.com.pl\/en\/wp-json\/wp\/v2\/pages\/772\/revisions"}],"predecessor-version":[{"id":776,"href":"https:\/\/kasprowicz.com.pl\/en\/wp-json\/wp\/v2\/pages\/772\/revisions\/776"}],"wp:attachment":[{"href":"https:\/\/kasprowicz.com.pl\/en\/wp-json\/wp\/v2\/media?parent=772"}],"curies":[{"name":"wp","href":"https:\/\/api.w.org\/{rel}","templated":true}]}}