{"id":757,"date":"2024-08-01T10:17:46","date_gmt":"2024-08-01T08:17:46","guid":{"rendered":"https:\/\/kasprowicz.com.pl\/wiping-rags\/"},"modified":"2024-08-07T09:46:26","modified_gmt":"2024-08-07T07:46:26","slug":"wiping-rags","status":"publish","type":"page","link":"https:\/\/kasprowicz.com.pl\/en\/wiping-rags\/","title":{"rendered":"Wiping rags"},"content":{"rendered":"\t\t<div data-elementor-type=\"wp-page\" data-elementor-id=\"757\" class=\"elementor elementor-757 elementor-339\" data-elementor-post-type=\"page\">\n\t\t\t\t\t\t<section class=\"elementor-section elementor-top-section elementor-element elementor-element-2f19ec7c elementor-section-boxed elementor-section-height-default elementor-section-height-default\" data-id=\"2f19ec7c\" data-element_type=\"section\" data-settings=\"{&quot;background_background&quot;:&quot;classic&quot;}\">\n\t\t\t\t\t\t\t<div class=\"elementor-background-overlay\"><\/div>\n\t\t\t\t\t\t\t<div class=\"elementor-container elementor-column-gap-no\">\n\t\t\t\t\t<div class=\"elementor-column elementor-col-100 elementor-top-column elementor-element elementor-element-8e8b497\" data-id=\"8e8b497\" data-element_type=\"column\">\n\t\t\t<div class=\"elementor-widget-wrap elementor-element-populated\">\n\t\t\t\t\t\t<div class=\"elementor-element elementor-element-28e10a1 elementor-widget elementor-widget-heading\" data-id=\"28e10a1\" data-element_type=\"widget\" data-widget_type=\"heading.default\">\n\t\t\t\t<div class=\"elementor-widget-container\">\n\t\t\t\t\t<h2 class=\"elementor-heading-title elementor-size-default\">Wiping rags<\/h2>\t\t\t\t<\/div>\n\t\t\t\t<\/div>\n\t\t\t\t\t<\/div>\n\t\t<\/div>\n\t\t\t\t\t<\/div>\n\t\t<\/section>\n\t\t\t\t<section class=\"elementor-section elementor-top-section elementor-element elementor-element-18b975a elementor-section-full_width elementor-section-height-default elementor-section-height-default\" data-id=\"18b975a\" data-element_type=\"section\">\n\t\t\t\t\t\t<div class=\"elementor-container elementor-column-gap-no\">\n\t\t\t\t\t<div class=\"elementor-column elementor-col-100 elementor-top-column elementor-element elementor-element-7225fe79\" data-id=\"7225fe79\" data-element_type=\"column\">\n\t\t\t<div class=\"elementor-widget-wrap elementor-element-populated\">\n\t\t\t\t\t\t<div class=\"elementor-element elementor-element-f244a09 elementor-widget elementor-widget-image\" data-id=\"f244a09\" data-element_type=\"widget\" data-widget_type=\"image.default\">\n\t\t\t\t<div class=\"elementor-widget-container\">\n\t\t\t\t\t\t\t\t\t\t\t\t\t\t\t<img fetchpriority=\"high\" decoding=\"async\" width=\"1000\" height=\"290\" src=\"https:\/\/kasprowicz.com.pl\/wp-content\/uploads\/2024\/08\/LINK_CZYSCIWO.jpg\" class=\"attachment-full size-full wp-image-627\" alt=\"\" srcset=\"https:\/\/kasprowicz.com.pl\/wp-content\/uploads\/2024\/08\/LINK_CZYSCIWO.jpg 1000w, https:\/\/kasprowicz.com.pl\/wp-content\/uploads\/2024\/08\/LINK_CZYSCIWO-300x87.jpg 300w, https:\/\/kasprowicz.com.pl\/wp-content\/uploads\/2024\/08\/LINK_CZYSCIWO-768x223.jpg 768w\" sizes=\"(max-width: 1000px) 100vw, 1000px\" \/>\t\t\t\t\t\t\t\t\t\t\t\t\t\t\t<\/div>\n\t\t\t\t<\/div>\n\t\t\t\t\t<\/div>\n\t\t<\/div>\n\t\t\t\t\t<\/div>\n\t\t<\/section>\n\t\t\t\t<section class=\"elementor-section elementor-top-section elementor-element elementor-element-5e4ee5af elementor-section-boxed elementor-section-height-default elementor-section-height-default\" data-id=\"5e4ee5af\" data-element_type=\"section\" data-settings=\"{&quot;background_background&quot;:&quot;classic&quot;}\">\n\t\t\t\t\t\t\t<div class=\"elementor-background-overlay\"><\/div>\n\t\t\t\t\t\t\t<div class=\"elementor-container elementor-column-gap-no\">\n\t\t\t\t\t<div class=\"elementor-column elementor-col-100 elementor-top-column elementor-element elementor-element-a3ffaf8\" data-id=\"a3ffaf8\" data-element_type=\"column\">\n\t\t\t<div class=\"elementor-widget-wrap elementor-element-populated\">\n\t\t\t\t\t\t<div class=\"elementor-element elementor-element-38b90be elementor-widget elementor-widget-text-editor\" data-id=\"38b90be\" data-element_type=\"widget\" data-widget_type=\"text-editor.default\">\n\t\t\t\t<div class=\"elementor-widget-container\">\n\t\t\t\t\t\t\t\t\t<p>To meet our customers expectations,as well the current market situation, halfway the company created a line of different kinds of cotton wiping rags. Sorting fabrics according to:<br \/>cotton type\/quality, color, thickness, as well as the size, we created wiping rags with very wide application within many, often very different domains of production and activities in the area of keeping clean.<\/p>\n\t\t\t\t\t\t\t\t<\/div>\n\t\t\t\t<\/div>\n\t\t\t\t\t<\/div>\n\t\t<\/div>\n\t\t\t\t\t<\/div>\n\t\t<\/section>\n\t\t\t\t<section class=\"elementor-section elementor-top-section elementor-element elementor-element-40265c90 elementor-section-boxed elementor-section-height-default elementor-section-height-default\" data-id=\"40265c90\" data-element_type=\"section\" data-settings=\"{&quot;background_background&quot;:&quot;gradient&quot;}\">\n\t\t\t\t\t\t<div class=\"elementor-container elementor-column-gap-no\">\n\t\t\t\t\t<div class=\"elementor-column elementor-col-100 elementor-top-column elementor-element elementor-element-4a59e8fe\" data-id=\"4a59e8fe\" data-element_type=\"column\">\n\t\t\t<div class=\"elementor-widget-wrap elementor-element-populated\">\n\t\t\t\t\t\t<div class=\"elementor-element elementor-element-e31be1d elementor-widget elementor-widget-heading\" data-id=\"e31be1d\" data-element_type=\"widget\" data-widget_type=\"heading.default\">\n\t\t\t\t<div class=\"elementor-widget-container\">\n\t\t\t\t\t<h2 class=\"elementor-heading-title elementor-size-default\">Our wiping rags is a special mix of a different cotton fabrics like:<\/h2>\t\t\t\t<\/div>\n\t\t\t\t<\/div>\n\t\t\t\t<section class=\"elementor-section elementor-inner-section elementor-element elementor-element-4ea0627 elementor-section-boxed elementor-section-height-default elementor-section-height-default\" data-id=\"4ea0627\" data-element_type=\"section\">\n\t\t\t\t\t\t<div class=\"elementor-container elementor-column-gap-default\">\n\t\t\t\t\t<div class=\"elementor-column elementor-col-25 elementor-inner-column elementor-element elementor-element-6648d15\" data-id=\"6648d15\" data-element_type=\"column\" data-settings=\"{&quot;background_background&quot;:&quot;classic&quot;}\">\n\t\t\t<div class=\"elementor-widget-wrap elementor-element-populated\">\n\t\t\t\t\t\t<div class=\"elementor-element elementor-element-04bc245 elementor-widget elementor-widget-icon-box\" data-id=\"04bc245\" data-element_type=\"widget\" data-widget_type=\"icon-box.default\">\n\t\t\t\t<div class=\"elementor-widget-container\">\n\t\t\t\t\t\t\t<div class=\"elementor-icon-box-wrapper\">\n\n\t\t\t\n\t\t\t\t\t\t<div class=\"elementor-icon-box-content\">\n\n\t\t\t\t\t\t\t\t\t<h3 class=\"elementor-icon-box-title\">\n\t\t\t\t\t\t<a href=\"#\" >\n\t\t\t\t\t\t\tKattun\t\t\t\t\t\t<\/a>\n\t\t\t\t\t<\/h3>\n\t\t\t\t\n\t\t\t\t\n\t\t\t<\/div>\n\t\t\t\n\t\t<\/div>\n\t\t\t\t\t\t<\/div>\n\t\t\t\t<\/div>\n\t\t\t\t\t<\/div>\n\t\t<\/div>\n\t\t\t\t<div class=\"elementor-column elementor-col-25 elementor-inner-column elementor-element elementor-element-a2791b8\" data-id=\"a2791b8\" data-element_type=\"column\" data-settings=\"{&quot;background_background&quot;:&quot;classic&quot;}\">\n\t\t\t<div class=\"elementor-widget-wrap elementor-element-populated\">\n\t\t\t\t\t\t<div class=\"elementor-element elementor-element-563277e elementor-widget elementor-widget-icon-box\" data-id=\"563277e\" data-element_type=\"widget\" data-widget_type=\"icon-box.default\">\n\t\t\t\t<div class=\"elementor-widget-container\">\n\t\t\t\t\t\t\t<div class=\"elementor-icon-box-wrapper\">\n\n\t\t\t\n\t\t\t\t\t\t<div class=\"elementor-icon-box-content\">\n\n\t\t\t\t\t\t\t\t\t<h3 class=\"elementor-icon-box-title\">\n\t\t\t\t\t\t<a href=\"#\" >\n\t\t\t\t\t\t\tTricot\t\t\t\t\t\t<\/a>\n\t\t\t\t\t<\/h3>\n\t\t\t\t\n\t\t\t\t\n\t\t\t<\/div>\n\t\t\t\n\t\t<\/div>\n\t\t\t\t\t\t<\/div>\n\t\t\t\t<\/div>\n\t\t\t\t\t<\/div>\n\t\t<\/div>\n\t\t\t\t<div class=\"elementor-column elementor-col-25 elementor-inner-column elementor-element elementor-element-fe8e481\" data-id=\"fe8e481\" data-element_type=\"column\" data-settings=\"{&quot;background_background&quot;:&quot;classic&quot;}\">\n\t\t\t<div class=\"elementor-widget-wrap elementor-element-populated\">\n\t\t\t\t\t\t<div class=\"elementor-element elementor-element-c6c1c2d elementor-widget elementor-widget-icon-box\" data-id=\"c6c1c2d\" data-element_type=\"widget\" data-widget_type=\"icon-box.default\">\n\t\t\t\t<div class=\"elementor-widget-container\">\n\t\t\t\t\t\t\t<div class=\"elementor-icon-box-wrapper\">\n\n\t\t\t\n\t\t\t\t\t\t<div class=\"elementor-icon-box-content\">\n\n\t\t\t\t\t\t\t\t\t<h3 class=\"elementor-icon-box-title\">\n\t\t\t\t\t\t<a href=\"#\" >\n\t\t\t\t\t\t\tTerry cloth\t\t\t\t\t\t<\/a>\n\t\t\t\t\t<\/h3>\n\t\t\t\t\n\t\t\t\t\n\t\t\t<\/div>\n\t\t\t\n\t\t<\/div>\n\t\t\t\t\t\t<\/div>\n\t\t\t\t<\/div>\n\t\t\t\t\t<\/div>\n\t\t<\/div>\n\t\t\t\t<div class=\"elementor-column elementor-col-25 elementor-inner-column elementor-element elementor-element-1d63ee4\" data-id=\"1d63ee4\" data-element_type=\"column\" data-settings=\"{&quot;background_background&quot;:&quot;classic&quot;}\">\n\t\t\t<div class=\"elementor-widget-wrap elementor-element-populated\">\n\t\t\t\t\t\t<div class=\"elementor-element elementor-element-6a38fd6 elementor-widget elementor-widget-icon-box\" data-id=\"6a38fd6\" data-element_type=\"widget\" data-widget_type=\"icon-box.default\">\n\t\t\t\t<div class=\"elementor-widget-container\">\n\t\t\t\t\t\t\t<div class=\"elementor-icon-box-wrapper\">\n\n\t\t\t\n\t\t\t\t\t\t<div class=\"elementor-icon-box-content\">\n\n\t\t\t\t\t\t\t\t\t<h3 class=\"elementor-icon-box-title\">\n\t\t\t\t\t\t<a href=\"#\" >\n\t\t\t\t\t\t\tOthers\t\t\t\t\t\t<\/a>\n\t\t\t\t\t<\/h3>\n\t\t\t\t\n\t\t\t\t\n\t\t\t<\/div>\n\t\t\t\n\t\t<\/div>\n\t\t\t\t\t\t<\/div>\n\t\t\t\t<\/div>\n\t\t\t\t\t<\/div>\n\t\t<\/div>\n\t\t\t\t\t<\/div>\n\t\t<\/section>\n\t\t\t\t<div class=\"elementor-element elementor-element-c034d43 elementor-widget__width-initial elementor-widget elementor-widget-text-editor\" data-id=\"c034d43\" data-element_type=\"widget\" data-widget_type=\"text-editor.default\">\n\t\t\t\t<div class=\"elementor-widget-container\">\n\t\t\t\t\t\t\t\t\t<p>Germany, Denmark, France and Holland are our suppliers of the material from which our wiping rags is produced. We can ensure that the fabrics are of a very good absorptive qualities. Our rags are being produced according to all EU standards and they doesn&#8217;t contain any synthetic materials, buttons, zips or other hard accessories. It&#8217;sdeprived of any buttons, zipers or any other hard accessories.<\/p><p>Moreover, the wiping rags is cut into big or standard sizes and packed into practical , wrapped in foiled, compact 10 kg cubes (40x40x20 cm). All wiping rags is placed on pallets (300 or 420 kg) foiled and strapped &#8211; prepared for export!<\/p><p>We offer You the best combination of high quality and price! Check this out!<\/p>\t\t\t\t\t\t\t\t<\/div>\n\t\t\t\t<\/div>\n\t\t\t\t\t<\/div>\n\t\t<\/div>\n\t\t\t\t\t<\/div>\n\t\t<\/section>\n\t\t\t\t<\/div>\n\t\t","protected":false},"excerpt":{"rendered":"<p>Wiping rags To meet our customers expectations,as well the current market situation, halfway the company created a line of different kinds of cotton wiping rags. Sorting fabrics according to:cotton type\/quality, color, thickness, as well as the size, we created wiping rags with very wide application within many, often very different domains of production and activities [&hellip;]<\/p>\n","protected":false},"author":2,"featured_media":0,"parent":0,"menu_order":0,"comment_status":"closed","ping_status":"closed","template":"elementor_header_footer","meta":{"_acf_changed":false,"footnotes":""},"class_list":["post-757","page","type-page","status-publish","hentry"],"acf":[],"yoast_head":"<!-- This site is optimized with the Yoast SEO plugin v26.0 - https:\/\/yoast.com\/wordpress\/plugins\/seo\/ -->\n<title>Wiping rags - Czy\u015bciwo - KASPROWICZ - Czy\u015bciwo bawe\u0142niane, przemys\u0142owe i techniczne<\/title>\n<meta name=\"robots\" content=\"index, follow, max-snippet:-1, max-image-preview:large, max-video-preview:-1\" \/>\n<link rel=\"canonical\" href=\"https:\/\/kasprowicz.com.pl\/czysciwo\/\" \/>\n<meta property=\"og:locale\" content=\"en_US\" \/>\n<meta property=\"og:type\" content=\"article\" \/>\n<meta property=\"og:title\" content=\"Wiping rags - Czy\u015bciwo - KASPROWICZ - Czy\u015bciwo bawe\u0142niane, przemys\u0142owe i techniczne\" \/>\n<meta property=\"og:description\" content=\"Wiping rags To meet our customers expectations,as well the current market situation, halfway the company created a line of different kinds of cotton wiping rags. Sorting fabrics according to:cotton type\/quality, color, thickness, as well as the size, we created wiping rags with very wide application within many, often very different domains of production and activities [&hellip;]\" \/>\n<meta property=\"og:url\" content=\"https:\/\/kasprowicz.com.pl\/czysciwo\/\" \/>\n<meta property=\"og:site_name\" content=\"Czy\u015bciwo - KASPROWICZ - Czy\u015bciwo bawe\u0142niane, przemys\u0142owe i techniczne\" \/>\n<meta property=\"article:modified_time\" content=\"2024-08-07T07:46:26+00:00\" \/>\n<meta property=\"og:image\" content=\"https:\/\/kasprowicz.com.pl\/wp-content\/uploads\/2024\/08\/LINK_CZYSCIWO.jpg\" \/>\n<meta name=\"twitter:card\" content=\"summary_large_image\" \/>\n<meta name=\"twitter:label1\" content=\"Est. reading time\" \/>\n\t<meta name=\"twitter:data1\" content=\"1 minute\" \/>\n<script type=\"application\/ld+json\" class=\"yoast-schema-graph\">{\"@context\":\"https:\/\/schema.org\",\"@graph\":[{\"@type\":\"WebPage\",\"@id\":\"https:\/\/kasprowicz.com.pl\/czysciwo\/\",\"url\":\"https:\/\/kasprowicz.com.pl\/czysciwo\/\",\"name\":\"Wiping rags - Czy\u015bciwo - KASPROWICZ - Czy\u015bciwo bawe\u0142niane, przemys\u0142owe i techniczne\",\"isPartOf\":{\"@id\":\"https:\/\/kasprowicz.com.pl\/#website\"},\"primaryImageOfPage\":{\"@id\":\"https:\/\/kasprowicz.com.pl\/czysciwo\/#primaryimage\"},\"image\":{\"@id\":\"https:\/\/kasprowicz.com.pl\/czysciwo\/#primaryimage\"},\"thumbnailUrl\":\"https:\/\/kasprowicz.com.pl\/wp-content\/uploads\/2024\/08\/LINK_CZYSCIWO.jpg\",\"datePublished\":\"2024-08-01T08:17:46+00:00\",\"dateModified\":\"2024-08-07T07:46:26+00:00\",\"breadcrumb\":{\"@id\":\"https:\/\/kasprowicz.com.pl\/czysciwo\/#breadcrumb\"},\"inLanguage\":\"en-US\",\"potentialAction\":[{\"@type\":\"ReadAction\",\"target\":[\"https:\/\/kasprowicz.com.pl\/czysciwo\/\"]}]},{\"@type\":\"ImageObject\",\"inLanguage\":\"en-US\",\"@id\":\"https:\/\/kasprowicz.com.pl\/czysciwo\/#primaryimage\",\"url\":\"https:\/\/kasprowicz.com.pl\/wp-content\/uploads\/2024\/08\/LINK_CZYSCIWO.jpg\",\"contentUrl\":\"https:\/\/kasprowicz.com.pl\/wp-content\/uploads\/2024\/08\/LINK_CZYSCIWO.jpg\"},{\"@type\":\"BreadcrumbList\",\"@id\":\"https:\/\/kasprowicz.com.pl\/czysciwo\/#breadcrumb\",\"itemListElement\":[{\"@type\":\"ListItem\",\"position\":1,\"name\":\"Strona g\u0142\u00f3wna\",\"item\":\"https:\/\/kasprowicz.com.pl\/\"},{\"@type\":\"ListItem\",\"position\":2,\"name\":\"Wiping rags\"}]},{\"@type\":\"WebSite\",\"@id\":\"https:\/\/kasprowicz.com.pl\/#website\",\"url\":\"https:\/\/kasprowicz.com.pl\/\",\"name\":\"Czy\u015bciwo - KASPROWICZ - Czy\u015bciwo bawe\u0142niane, przemys\u0142owe i techniczne\",\"description\":\"\",\"potentialAction\":[{\"@type\":\"SearchAction\",\"target\":{\"@type\":\"EntryPoint\",\"urlTemplate\":\"https:\/\/kasprowicz.com.pl\/?s={search_term_string}\"},\"query-input\":{\"@type\":\"PropertyValueSpecification\",\"valueRequired\":true,\"valueName\":\"search_term_string\"}}],\"inLanguage\":\"en-US\"}]}<\/script>\n<!-- \/ Yoast SEO plugin. -->","yoast_head_json":{"title":"Wiping rags - Czy\u015bciwo - KASPROWICZ - Czy\u015bciwo bawe\u0142niane, przemys\u0142owe i techniczne","robots":{"index":"index","follow":"follow","max-snippet":"max-snippet:-1","max-image-preview":"max-image-preview:large","max-video-preview":"max-video-preview:-1"},"canonical":"https:\/\/kasprowicz.com.pl\/czysciwo\/","og_locale":"en_US","og_type":"article","og_title":"Wiping rags - Czy\u015bciwo - KASPROWICZ - Czy\u015bciwo bawe\u0142niane, przemys\u0142owe i techniczne","og_description":"Wiping rags To meet our customers expectations,as well the current market situation, halfway the company created a line of different kinds of cotton wiping rags. Sorting fabrics according to:cotton type\/quality, color, thickness, as well as the size, we created wiping rags with very wide application within many, often very different domains of production and activities [&hellip;]","og_url":"https:\/\/kasprowicz.com.pl\/czysciwo\/","og_site_name":"Czy\u015bciwo - KASPROWICZ - Czy\u015bciwo bawe\u0142niane, przemys\u0142owe i techniczne","article_modified_time":"2024-08-07T07:46:26+00:00","og_image":[{"url":"https:\/\/kasprowicz.com.pl\/wp-content\/uploads\/2024\/08\/LINK_CZYSCIWO.jpg","type":"","width":"","height":""}],"twitter_card":"summary_large_image","twitter_misc":{"Est. reading time":"1 minute"},"schema":{"@context":"https:\/\/schema.org","@graph":[{"@type":"WebPage","@id":"https:\/\/kasprowicz.com.pl\/czysciwo\/","url":"https:\/\/kasprowicz.com.pl\/czysciwo\/","name":"Wiping rags - Czy\u015bciwo - KASPROWICZ - Czy\u015bciwo bawe\u0142niane, przemys\u0142owe i techniczne","isPartOf":{"@id":"https:\/\/kasprowicz.com.pl\/#website"},"primaryImageOfPage":{"@id":"https:\/\/kasprowicz.com.pl\/czysciwo\/#primaryimage"},"image":{"@id":"https:\/\/kasprowicz.com.pl\/czysciwo\/#primaryimage"},"thumbnailUrl":"https:\/\/kasprowicz.com.pl\/wp-content\/uploads\/2024\/08\/LINK_CZYSCIWO.jpg","datePublished":"2024-08-01T08:17:46+00:00","dateModified":"2024-08-07T07:46:26+00:00","breadcrumb":{"@id":"https:\/\/kasprowicz.com.pl\/czysciwo\/#breadcrumb"},"inLanguage":"en-US","potentialAction":[{"@type":"ReadAction","target":["https:\/\/kasprowicz.com.pl\/czysciwo\/"]}]},{"@type":"ImageObject","inLanguage":"en-US","@id":"https:\/\/kasprowicz.com.pl\/czysciwo\/#primaryimage","url":"https:\/\/kasprowicz.com.pl\/wp-content\/uploads\/2024\/08\/LINK_CZYSCIWO.jpg","contentUrl":"https:\/\/kasprowicz.com.pl\/wp-content\/uploads\/2024\/08\/LINK_CZYSCIWO.jpg"},{"@type":"BreadcrumbList","@id":"https:\/\/kasprowicz.com.pl\/czysciwo\/#breadcrumb","itemListElement":[{"@type":"ListItem","position":1,"name":"Strona g\u0142\u00f3wna","item":"https:\/\/kasprowicz.com.pl\/"},{"@type":"ListItem","position":2,"name":"Wiping rags"}]},{"@type":"WebSite","@id":"https:\/\/kasprowicz.com.pl\/#website","url":"https:\/\/kasprowicz.com.pl\/","name":"Czy\u015bciwo - KASPROWICZ - Czy\u015bciwo bawe\u0142niane, przemys\u0142owe i techniczne","description":"","potentialAction":[{"@type":"SearchAction","target":{"@type":"EntryPoint","urlTemplate":"https:\/\/kasprowicz.com.pl\/?s={search_term_string}"},"query-input":{"@type":"PropertyValueSpecification","valueRequired":true,"valueName":"search_term_string"}}],"inLanguage":"en-US"}]}},"_links":{"self":[{"href":"https:\/\/kasprowicz.com.pl\/en\/wp-json\/wp\/v2\/pages\/757","targetHints":{"allow":["GET"]}}],"collection":[{"href":"https:\/\/kasprowicz.com.pl\/en\/wp-json\/wp\/v2\/pages"}],"about":[{"href":"https:\/\/kasprowicz.com.pl\/en\/wp-json\/wp\/v2\/types\/page"}],"author":[{"embeddable":true,"href":"https:\/\/kasprowicz.com.pl\/en\/wp-json\/wp\/v2\/users\/2"}],"replies":[{"embeddable":true,"href":"https:\/\/kasprowicz.com.pl\/en\/wp-json\/wp\/v2\/comments?post=757"}],"version-history":[{"count":4,"href":"https:\/\/kasprowicz.com.pl\/en\/wp-json\/wp\/v2\/pages\/757\/revisions"}],"predecessor-version":[{"id":761,"href":"https:\/\/kasprowicz.com.pl\/en\/wp-json\/wp\/v2\/pages\/757\/revisions\/761"}],"wp:attachment":[{"href":"https:\/\/kasprowicz.com.pl\/en\/wp-json\/wp\/v2\/media?parent=757"}],"curies":[{"name":"wp","href":"https:\/\/api.w.org\/{rel}","templated":true}]}}