{"id":792,"date":"2024-08-01T10:53:39","date_gmt":"2024-08-01T08:53:39","guid":{"rendered":"https:\/\/kasprowicz.com.pl\/clothes\/"},"modified":"2024-08-07T10:19:22","modified_gmt":"2024-08-07T08:19:22","slug":"kleidung","status":"publish","type":"page","link":"https:\/\/kasprowicz.com.pl\/de\/kleidung\/","title":{"rendered":"Kleidung"},"content":{"rendered":"\t\t<div data-elementor-type=\"wp-page\" data-elementor-id=\"792\" class=\"elementor elementor-792 elementor-371\" data-elementor-post-type=\"page\">\n\t\t\t\t\t\t<section class=\"elementor-section elementor-top-section elementor-element elementor-element-2f19ec7c elementor-section-boxed elementor-section-height-default elementor-section-height-default\" data-id=\"2f19ec7c\" data-element_type=\"section\" data-settings=\"{&quot;background_background&quot;:&quot;classic&quot;}\">\n\t\t\t\t\t\t\t<div class=\"elementor-background-overlay\"><\/div>\n\t\t\t\t\t\t\t<div class=\"elementor-container elementor-column-gap-no\">\n\t\t\t\t\t<div class=\"elementor-column elementor-col-100 elementor-top-column elementor-element elementor-element-8e8b497\" data-id=\"8e8b497\" data-element_type=\"column\">\n\t\t\t<div class=\"elementor-widget-wrap elementor-element-populated\">\n\t\t\t\t\t\t<div class=\"elementor-element elementor-element-28e10a1 elementor-widget elementor-widget-heading\" data-id=\"28e10a1\" data-element_type=\"widget\" data-widget_type=\"heading.default\">\n\t\t\t\t<div class=\"elementor-widget-container\">\n\t\t\t\t\t<h2 class=\"elementor-heading-title elementor-size-default\">Kleidung<\/h2>\t\t\t\t<\/div>\n\t\t\t\t<\/div>\n\t\t\t\t\t<\/div>\n\t\t<\/div>\n\t\t\t\t\t<\/div>\n\t\t<\/section>\n\t\t\t\t<section class=\"elementor-section elementor-top-section elementor-element elementor-element-18b975a elementor-section-full_width elementor-section-height-default elementor-section-height-default\" data-id=\"18b975a\" data-element_type=\"section\">\n\t\t\t\t\t\t<div class=\"elementor-container elementor-column-gap-no\">\n\t\t\t\t\t<div class=\"elementor-column elementor-col-100 elementor-top-column elementor-element elementor-element-7225fe79\" data-id=\"7225fe79\" data-element_type=\"column\">\n\t\t\t<div class=\"elementor-widget-wrap elementor-element-populated\">\n\t\t\t\t\t\t<div class=\"elementor-element elementor-element-f244a09 elementor-widget elementor-widget-image\" data-id=\"f244a09\" data-element_type=\"widget\" data-widget_type=\"image.default\">\n\t\t\t\t<div class=\"elementor-widget-container\">\n\t\t\t\t\t\t\t\t\t\t\t\t\t\t\t<img fetchpriority=\"high\" decoding=\"async\" width=\"1000\" height=\"290\" src=\"https:\/\/kasprowicz.com.pl\/wp-content\/uploads\/2024\/08\/LINK_ODZIEZ3.jpg\" class=\"attachment-full size-full wp-image-631\" alt=\"\" srcset=\"https:\/\/kasprowicz.com.pl\/wp-content\/uploads\/2024\/08\/LINK_ODZIEZ3.jpg 1000w, https:\/\/kasprowicz.com.pl\/wp-content\/uploads\/2024\/08\/LINK_ODZIEZ3-300x87.jpg 300w, https:\/\/kasprowicz.com.pl\/wp-content\/uploads\/2024\/08\/LINK_ODZIEZ3-768x223.jpg 768w\" sizes=\"(max-width: 1000px) 100vw, 1000px\" \/>\t\t\t\t\t\t\t\t\t\t\t\t\t\t\t<\/div>\n\t\t\t\t<\/div>\n\t\t\t\t\t<\/div>\n\t\t<\/div>\n\t\t\t\t\t<\/div>\n\t\t<\/section>\n\t\t\t\t<section class=\"elementor-section elementor-top-section elementor-element elementor-element-5e4ee5af elementor-section-boxed elementor-section-height-default elementor-section-height-default\" data-id=\"5e4ee5af\" data-element_type=\"section\" data-settings=\"{&quot;background_background&quot;:&quot;classic&quot;}\">\n\t\t\t\t\t\t\t<div class=\"elementor-background-overlay\"><\/div>\n\t\t\t\t\t\t\t<div class=\"elementor-container elementor-column-gap-no\">\n\t\t\t\t\t<div class=\"elementor-column elementor-col-100 elementor-top-column elementor-element elementor-element-a3ffaf8\" data-id=\"a3ffaf8\" data-element_type=\"column\">\n\t\t\t<div class=\"elementor-widget-wrap elementor-element-populated\">\n\t\t\t\t\t\t<div class=\"elementor-element elementor-element-38b90be elementor-widget elementor-widget-text-editor\" data-id=\"38b90be\" data-element_type=\"widget\" data-widget_type=\"text-editor.default\">\n\t\t\t\t<div class=\"elementor-widget-container\">\n\t\t\t\t\t\t\t\t\t<h5>Kleidung<\/h5><p>Zu Beginn der Gesch\u00e4ftst\u00e4tigkeit besch\u00e4ftigte sich die Firma Kasprowicz i Sp\u00f3\u0142ka mit dem Handel von Second-Hand-Kleidung. Eine geschickte Ausnutzung der Situation auf dem Markt der gebrauchten Kleidung in den 90er Jahren sowie st\u00e4ndige Lieferungen aus westlichen L\u00e4ndern erlaubten es dem Unternehmen, relativ schnell den regionalen Markt zu beherrschen und dadurch die Entwicklung der Firma zu beschleunigen. Durch die sehr gute Qualit\u00e4t der angebotenen Kleidung sowie die konkurrenzf\u00e4higen Preise erlang die Firma Kasprowicz i Sp\u00f3\u0142ka das Vertrauen ihrer Kunden, das sich unver\u00e4ndert bis zum heutigen Tag erh\u00e4lt&#8230;<\/p>\t\t\t\t\t\t\t\t<\/div>\n\t\t\t\t<\/div>\n\t\t\t\t\t<\/div>\n\t\t<\/div>\n\t\t\t\t\t<\/div>\n\t\t<\/section>\n\t\t\t\t<section class=\"elementor-section elementor-top-section elementor-element elementor-element-3b7cd52 elementor-section-boxed elementor-section-height-default elementor-section-height-default\" data-id=\"3b7cd52\" data-element_type=\"section\" data-settings=\"{&quot;background_background&quot;:&quot;gradient&quot;}\">\n\t\t\t\t\t\t<div class=\"elementor-container elementor-column-gap-no\">\n\t\t\t\t\t<div class=\"elementor-column elementor-col-100 elementor-top-column elementor-element elementor-element-3a0f2b9\" data-id=\"3a0f2b9\" data-element_type=\"column\">\n\t\t\t<div class=\"elementor-widget-wrap elementor-element-populated\">\n\t\t\t\t\t\t<div class=\"elementor-element elementor-element-e89281d elementor-widget elementor-widget-heading\" data-id=\"e89281d\" data-element_type=\"widget\" data-widget_type=\"heading.default\">\n\t\t\t\t<div class=\"elementor-widget-container\">\n\t\t\t\t\t<h2 class=\"elementor-heading-title elementor-size-default\">Wir verf\u00fcgen \u00fcber Kleidung aus den besten Quellen!<br>Immer sicher und immer kontrolliert!<\/h2>\t\t\t\t<\/div>\n\t\t\t\t<\/div>\n\t\t\t\t<div class=\"elementor-element elementor-element-82a7d0a elementor-widget__width-initial elementor-widget elementor-widget-text-editor\" data-id=\"82a7d0a\" data-element_type=\"widget\" data-widget_type=\"text-editor.default\">\n\t\t\t\t<div class=\"elementor-widget-container\">\n\t\t\t\t\t\t\t\t\t<p>Unsere Rohstoffe kaufen wir ausschlie\u00dflich in den L\u00e4ndern West- und Nordeuropas, wie etwa in Deutschland, D\u00e4nemark, den Niederlanden und Schweden. Wir verf\u00fcgen \u00fcber ein Netz fester und gepr\u00fcfter Zulieferer. Daher k\u00f6nnen wir unseren Kunden die hohe Qualit\u00e4t der von uns angebotenen Kleidung garantieren.<\/p><p>Wir laden Sie recht herzlich zur Aufnahme von Gesch\u00e4ftsbeziehungen mit unserer Firma ein! Alle Informationen \u00fcber aktuelle Lieferungen von Kleidung erhalten Sie in unserem Handelsb\u00fcro. Wir informieren Sie gern \u00fcber aktuelle Preis und Handelsbedingungen.<br \/><br \/>Wir spezialisieren uns auf den Aufkauf der Abfallkleidung, d.h. von Kleidungsorten, die f\u00fcr den Verkauf in L\u00e4den und Gro\u00dfhandlung nicht mehr geeignet ist..<\/p>\t\t\t\t\t\t\t\t<\/div>\n\t\t\t\t<\/div>\n\t\t\t\t\t<\/div>\n\t\t<\/div>\n\t\t\t\t\t<\/div>\n\t\t<\/section>\n\t\t\t\t<\/div>\n\t\t","protected":false},"excerpt":{"rendered":"<p>Kleidung Kleidung Zu Beginn der Gesch\u00e4ftst\u00e4tigkeit besch\u00e4ftigte sich die Firma Kasprowicz i Sp\u00f3\u0142ka mit dem Handel von Second-Hand-Kleidung. Eine geschickte Ausnutzung der Situation auf dem Markt der gebrauchten Kleidung in den 90er Jahren sowie st\u00e4ndige Lieferungen aus westlichen L\u00e4ndern erlaubten es dem Unternehmen, relativ schnell den regionalen Markt zu beherrschen und dadurch die Entwicklung der [&hellip;]<\/p>\n","protected":false},"author":2,"featured_media":0,"parent":0,"menu_order":0,"comment_status":"closed","ping_status":"closed","template":"elementor_header_footer","meta":{"_acf_changed":false,"footnotes":""},"class_list":["post-792","page","type-page","status-publish","hentry"],"acf":[],"yoast_head":"<!-- This site is optimized with the Yoast SEO plugin v26.0 - https:\/\/yoast.com\/wordpress\/plugins\/seo\/ -->\n<title>Kleidung - Czy\u015bciwo - KASPROWICZ - Czy\u015bciwo bawe\u0142niane, przemys\u0142owe i techniczne<\/title>\n<meta name=\"robots\" content=\"index, follow, max-snippet:-1, max-image-preview:large, max-video-preview:-1\" \/>\n<link rel=\"canonical\" href=\"https:\/\/kasprowicz.com.pl\/odziez\/\" \/>\n<meta property=\"og:locale\" content=\"de_DE\" \/>\n<meta property=\"og:type\" content=\"article\" \/>\n<meta property=\"og:title\" content=\"Kleidung - Czy\u015bciwo - KASPROWICZ - Czy\u015bciwo bawe\u0142niane, przemys\u0142owe i techniczne\" \/>\n<meta property=\"og:description\" content=\"Kleidung Kleidung Zu Beginn der Gesch\u00e4ftst\u00e4tigkeit besch\u00e4ftigte sich die Firma Kasprowicz i Sp\u00f3\u0142ka mit dem Handel von Second-Hand-Kleidung. Eine geschickte Ausnutzung der Situation auf dem Markt der gebrauchten Kleidung in den 90er Jahren sowie st\u00e4ndige Lieferungen aus westlichen L\u00e4ndern erlaubten es dem Unternehmen, relativ schnell den regionalen Markt zu beherrschen und dadurch die Entwicklung der [&hellip;]\" \/>\n<meta property=\"og:url\" content=\"https:\/\/kasprowicz.com.pl\/odziez\/\" \/>\n<meta property=\"og:site_name\" content=\"Czy\u015bciwo - KASPROWICZ - Czy\u015bciwo bawe\u0142niane, przemys\u0142owe i techniczne\" \/>\n<meta property=\"article:modified_time\" content=\"2024-08-07T08:19:22+00:00\" \/>\n<meta property=\"og:image\" content=\"https:\/\/kasprowicz.com.pl\/wp-content\/uploads\/2024\/08\/LINK_ODZIEZ3.jpg\" \/>\n<meta name=\"twitter:card\" content=\"summary_large_image\" \/>\n<meta name=\"twitter:label1\" content=\"Gesch\u00e4tzte Lesezeit\" \/>\n\t<meta name=\"twitter:data1\" content=\"1\u00a0Minute\" \/>\n<script type=\"application\/ld+json\" class=\"yoast-schema-graph\">{\"@context\":\"https:\/\/schema.org\",\"@graph\":[{\"@type\":\"WebPage\",\"@id\":\"https:\/\/kasprowicz.com.pl\/odziez\/\",\"url\":\"https:\/\/kasprowicz.com.pl\/odziez\/\",\"name\":\"Kleidung - Czy\u015bciwo - KASPROWICZ - Czy\u015bciwo bawe\u0142niane, przemys\u0142owe i techniczne\",\"isPartOf\":{\"@id\":\"https:\/\/kasprowicz.com.pl\/#website\"},\"primaryImageOfPage\":{\"@id\":\"https:\/\/kasprowicz.com.pl\/odziez\/#primaryimage\"},\"image\":{\"@id\":\"https:\/\/kasprowicz.com.pl\/odziez\/#primaryimage\"},\"thumbnailUrl\":\"https:\/\/kasprowicz.com.pl\/wp-content\/uploads\/2024\/08\/LINK_ODZIEZ3.jpg\",\"datePublished\":\"2024-08-01T08:53:39+00:00\",\"dateModified\":\"2024-08-07T08:19:22+00:00\",\"breadcrumb\":{\"@id\":\"https:\/\/kasprowicz.com.pl\/odziez\/#breadcrumb\"},\"inLanguage\":\"de\",\"potentialAction\":[{\"@type\":\"ReadAction\",\"target\":[\"https:\/\/kasprowicz.com.pl\/odziez\/\"]}]},{\"@type\":\"ImageObject\",\"inLanguage\":\"de\",\"@id\":\"https:\/\/kasprowicz.com.pl\/odziez\/#primaryimage\",\"url\":\"https:\/\/kasprowicz.com.pl\/wp-content\/uploads\/2024\/08\/LINK_ODZIEZ3.jpg\",\"contentUrl\":\"https:\/\/kasprowicz.com.pl\/wp-content\/uploads\/2024\/08\/LINK_ODZIEZ3.jpg\"},{\"@type\":\"BreadcrumbList\",\"@id\":\"https:\/\/kasprowicz.com.pl\/odziez\/#breadcrumb\",\"itemListElement\":[{\"@type\":\"ListItem\",\"position\":1,\"name\":\"Strona g\u0142\u00f3wna\",\"item\":\"https:\/\/kasprowicz.com.pl\/\"},{\"@type\":\"ListItem\",\"position\":2,\"name\":\"Kleidung\"}]},{\"@type\":\"WebSite\",\"@id\":\"https:\/\/kasprowicz.com.pl\/#website\",\"url\":\"https:\/\/kasprowicz.com.pl\/\",\"name\":\"Czy\u015bciwo - KASPROWICZ - Czy\u015bciwo bawe\u0142niane, przemys\u0142owe i techniczne\",\"description\":\"\",\"potentialAction\":[{\"@type\":\"SearchAction\",\"target\":{\"@type\":\"EntryPoint\",\"urlTemplate\":\"https:\/\/kasprowicz.com.pl\/?s={search_term_string}\"},\"query-input\":{\"@type\":\"PropertyValueSpecification\",\"valueRequired\":true,\"valueName\":\"search_term_string\"}}],\"inLanguage\":\"de\"}]}<\/script>\n<!-- \/ Yoast SEO plugin. -->","yoast_head_json":{"title":"Kleidung - Czy\u015bciwo - KASPROWICZ - Czy\u015bciwo bawe\u0142niane, przemys\u0142owe i techniczne","robots":{"index":"index","follow":"follow","max-snippet":"max-snippet:-1","max-image-preview":"max-image-preview:large","max-video-preview":"max-video-preview:-1"},"canonical":"https:\/\/kasprowicz.com.pl\/odziez\/","og_locale":"de_DE","og_type":"article","og_title":"Kleidung - Czy\u015bciwo - KASPROWICZ - Czy\u015bciwo bawe\u0142niane, przemys\u0142owe i techniczne","og_description":"Kleidung Kleidung Zu Beginn der Gesch\u00e4ftst\u00e4tigkeit besch\u00e4ftigte sich die Firma Kasprowicz i Sp\u00f3\u0142ka mit dem Handel von Second-Hand-Kleidung. Eine geschickte Ausnutzung der Situation auf dem Markt der gebrauchten Kleidung in den 90er Jahren sowie st\u00e4ndige Lieferungen aus westlichen L\u00e4ndern erlaubten es dem Unternehmen, relativ schnell den regionalen Markt zu beherrschen und dadurch die Entwicklung der [&hellip;]","og_url":"https:\/\/kasprowicz.com.pl\/odziez\/","og_site_name":"Czy\u015bciwo - KASPROWICZ - Czy\u015bciwo bawe\u0142niane, przemys\u0142owe i techniczne","article_modified_time":"2024-08-07T08:19:22+00:00","og_image":[{"url":"https:\/\/kasprowicz.com.pl\/wp-content\/uploads\/2024\/08\/LINK_ODZIEZ3.jpg","type":"","width":"","height":""}],"twitter_card":"summary_large_image","twitter_misc":{"Gesch\u00e4tzte Lesezeit":"1\u00a0Minute"},"schema":{"@context":"https:\/\/schema.org","@graph":[{"@type":"WebPage","@id":"https:\/\/kasprowicz.com.pl\/odziez\/","url":"https:\/\/kasprowicz.com.pl\/odziez\/","name":"Kleidung - Czy\u015bciwo - KASPROWICZ - Czy\u015bciwo bawe\u0142niane, przemys\u0142owe i techniczne","isPartOf":{"@id":"https:\/\/kasprowicz.com.pl\/#website"},"primaryImageOfPage":{"@id":"https:\/\/kasprowicz.com.pl\/odziez\/#primaryimage"},"image":{"@id":"https:\/\/kasprowicz.com.pl\/odziez\/#primaryimage"},"thumbnailUrl":"https:\/\/kasprowicz.com.pl\/wp-content\/uploads\/2024\/08\/LINK_ODZIEZ3.jpg","datePublished":"2024-08-01T08:53:39+00:00","dateModified":"2024-08-07T08:19:22+00:00","breadcrumb":{"@id":"https:\/\/kasprowicz.com.pl\/odziez\/#breadcrumb"},"inLanguage":"de","potentialAction":[{"@type":"ReadAction","target":["https:\/\/kasprowicz.com.pl\/odziez\/"]}]},{"@type":"ImageObject","inLanguage":"de","@id":"https:\/\/kasprowicz.com.pl\/odziez\/#primaryimage","url":"https:\/\/kasprowicz.com.pl\/wp-content\/uploads\/2024\/08\/LINK_ODZIEZ3.jpg","contentUrl":"https:\/\/kasprowicz.com.pl\/wp-content\/uploads\/2024\/08\/LINK_ODZIEZ3.jpg"},{"@type":"BreadcrumbList","@id":"https:\/\/kasprowicz.com.pl\/odziez\/#breadcrumb","itemListElement":[{"@type":"ListItem","position":1,"name":"Strona g\u0142\u00f3wna","item":"https:\/\/kasprowicz.com.pl\/"},{"@type":"ListItem","position":2,"name":"Kleidung"}]},{"@type":"WebSite","@id":"https:\/\/kasprowicz.com.pl\/#website","url":"https:\/\/kasprowicz.com.pl\/","name":"Czy\u015bciwo - KASPROWICZ - Czy\u015bciwo bawe\u0142niane, przemys\u0142owe i techniczne","description":"","potentialAction":[{"@type":"SearchAction","target":{"@type":"EntryPoint","urlTemplate":"https:\/\/kasprowicz.com.pl\/?s={search_term_string}"},"query-input":{"@type":"PropertyValueSpecification","valueRequired":true,"valueName":"search_term_string"}}],"inLanguage":"de"}]}},"_links":{"self":[{"href":"https:\/\/kasprowicz.com.pl\/de\/wp-json\/wp\/v2\/pages\/792","targetHints":{"allow":["GET"]}}],"collection":[{"href":"https:\/\/kasprowicz.com.pl\/de\/wp-json\/wp\/v2\/pages"}],"about":[{"href":"https:\/\/kasprowicz.com.pl\/de\/wp-json\/wp\/v2\/types\/page"}],"author":[{"embeddable":true,"href":"https:\/\/kasprowicz.com.pl\/de\/wp-json\/wp\/v2\/users\/2"}],"replies":[{"embeddable":true,"href":"https:\/\/kasprowicz.com.pl\/de\/wp-json\/wp\/v2\/comments?post=792"}],"version-history":[{"count":7,"href":"https:\/\/kasprowicz.com.pl\/de\/wp-json\/wp\/v2\/pages\/792\/revisions"}],"predecessor-version":[{"id":804,"href":"https:\/\/kasprowicz.com.pl\/de\/wp-json\/wp\/v2\/pages\/792\/revisions\/804"}],"wp:attachment":[{"href":"https:\/\/kasprowicz.com.pl\/de\/wp-json\/wp\/v2\/media?parent=792"}],"curies":[{"name":"wp","href":"https:\/\/api.w.org\/{rel}","templated":true}]}}