{"id":777,"date":"2024-08-01T14:07:47","date_gmt":"2024-08-01T12:07:47","guid":{"rendered":"https:\/\/kasprowicz.com.pl\/company\/"},"modified":"2024-08-07T10:10:31","modified_gmt":"2024-08-07T08:10:31","slug":"firma","status":"publish","type":"page","link":"https:\/\/kasprowicz.com.pl\/de\/firma\/","title":{"rendered":"Firma"},"content":{"rendered":"\t\t<div data-elementor-type=\"wp-page\" data-elementor-id=\"777\" class=\"elementor elementor-777 elementor-470\" data-elementor-post-type=\"page\">\n\t\t\t\t\t\t<section class=\"elementor-section elementor-top-section elementor-element elementor-element-2f19ec7c elementor-section-boxed elementor-section-height-default elementor-section-height-default\" data-id=\"2f19ec7c\" data-element_type=\"section\" data-settings=\"{&quot;background_background&quot;:&quot;classic&quot;}\">\n\t\t\t\t\t\t\t<div class=\"elementor-background-overlay\"><\/div>\n\t\t\t\t\t\t\t<div class=\"elementor-container elementor-column-gap-no\">\n\t\t\t\t\t<div class=\"elementor-column elementor-col-100 elementor-top-column elementor-element elementor-element-8e8b497\" data-id=\"8e8b497\" data-element_type=\"column\">\n\t\t\t<div class=\"elementor-widget-wrap elementor-element-populated\">\n\t\t\t\t\t\t<div class=\"elementor-element elementor-element-28e10a1 elementor-widget elementor-widget-heading\" data-id=\"28e10a1\" data-element_type=\"widget\" data-widget_type=\"heading.default\">\n\t\t\t\t<div class=\"elementor-widget-container\">\n\t\t\t\t\t<h2 class=\"elementor-heading-title elementor-size-default\">Firma<\/h2>\t\t\t\t<\/div>\n\t\t\t\t<\/div>\n\t\t\t\t\t<\/div>\n\t\t<\/div>\n\t\t\t\t\t<\/div>\n\t\t<\/section>\n\t\t\t\t<section class=\"elementor-section elementor-top-section elementor-element elementor-element-18b975a elementor-section-full_width elementor-section-height-default elementor-section-height-default\" data-id=\"18b975a\" data-element_type=\"section\">\n\t\t\t\t\t\t<div class=\"elementor-container elementor-column-gap-no\">\n\t\t\t\t\t<div class=\"elementor-column elementor-col-100 elementor-top-column elementor-element elementor-element-7225fe79\" data-id=\"7225fe79\" data-element_type=\"column\">\n\t\t\t<div class=\"elementor-widget-wrap elementor-element-populated\">\n\t\t\t\t\t\t<div class=\"elementor-element elementor-element-f244a09 elementor-widget elementor-widget-image\" data-id=\"f244a09\" data-element_type=\"widget\" data-widget_type=\"image.default\">\n\t\t\t\t<div class=\"elementor-widget-container\">\n\t\t\t\t\t\t\t\t\t\t\t\t\t\t\t<img fetchpriority=\"high\" decoding=\"async\" width=\"1000\" height=\"290\" src=\"https:\/\/kasprowicz.com.pl\/wp-content\/uploads\/2024\/07\/LINK_FIRMA.jpg\" class=\"attachment-full size-full wp-image-607\" alt=\"\" srcset=\"https:\/\/kasprowicz.com.pl\/wp-content\/uploads\/2024\/07\/LINK_FIRMA.jpg 1000w, https:\/\/kasprowicz.com.pl\/wp-content\/uploads\/2024\/07\/LINK_FIRMA-300x87.jpg 300w, https:\/\/kasprowicz.com.pl\/wp-content\/uploads\/2024\/07\/LINK_FIRMA-768x223.jpg 768w\" sizes=\"(max-width: 1000px) 100vw, 1000px\" \/>\t\t\t\t\t\t\t\t\t\t\t\t\t\t\t<\/div>\n\t\t\t\t<\/div>\n\t\t\t\t\t<\/div>\n\t\t<\/div>\n\t\t\t\t\t<\/div>\n\t\t<\/section>\n\t\t\t\t<section class=\"elementor-section elementor-top-section elementor-element elementor-element-5e4ee5af elementor-section-boxed elementor-section-height-default elementor-section-height-default\" data-id=\"5e4ee5af\" data-element_type=\"section\" data-settings=\"{&quot;background_background&quot;:&quot;classic&quot;}\">\n\t\t\t\t\t\t\t<div class=\"elementor-background-overlay\"><\/div>\n\t\t\t\t\t\t\t<div class=\"elementor-container elementor-column-gap-no\">\n\t\t\t\t\t<div class=\"elementor-column elementor-col-100 elementor-top-column elementor-element elementor-element-a3ffaf8\" data-id=\"a3ffaf8\" data-element_type=\"column\">\n\t\t\t<div class=\"elementor-widget-wrap elementor-element-populated\">\n\t\t\t\t\t\t<div class=\"elementor-element elementor-element-38b90be elementor-widget elementor-widget-text-editor\" data-id=\"38b90be\" data-element_type=\"widget\" data-widget_type=\"text-editor.default\">\n\t\t\t\t<div class=\"elementor-widget-container\">\n\t\t\t\t\t\t\t\t\t<p class=\"uk-article-title\"><strong>Firma<\/strong><\/p><p>Unsere Firma wurde im Jahre 1991 gegr\u00fcndet. Heute sind wir eine der gr\u00f6\u00dften Firmen in Polen, die Baumwollputzmittel h\u00f6chster Qualit\u00e4t herstellen. Unser Unternehmen besch\u00e4ftigt sich dar\u00fcber hinaus mit dem Handel mit Second-Hand-Kleidung und der Verwertung von Abf\u00e4llen.<\/p>\t\t\t\t\t\t\t\t<\/div>\n\t\t\t\t<\/div>\n\t\t\t\t\t<\/div>\n\t\t<\/div>\n\t\t\t\t\t<\/div>\n\t\t<\/section>\n\t\t\t\t<section class=\"elementor-section elementor-top-section elementor-element elementor-element-40265c90 elementor-section-boxed elementor-section-height-default elementor-section-height-default\" data-id=\"40265c90\" data-element_type=\"section\" data-settings=\"{&quot;background_background&quot;:&quot;gradient&quot;}\">\n\t\t\t\t\t\t<div class=\"elementor-container elementor-column-gap-no\">\n\t\t\t\t\t<div class=\"elementor-column elementor-col-100 elementor-top-column elementor-element elementor-element-4a59e8fe\" data-id=\"4a59e8fe\" data-element_type=\"column\">\n\t\t\t<div class=\"elementor-widget-wrap elementor-element-populated\">\n\t\t\t\t\t\t<div class=\"elementor-element elementor-element-e31be1d elementor-widget elementor-widget-heading\" data-id=\"e31be1d\" data-element_type=\"widget\" data-widget_type=\"heading.default\">\n\t\t\t\t<div class=\"elementor-widget-container\">\n\t\t\t\t\t<h2 class=\"elementor-heading-title elementor-size-default\">Wir sind der gr\u00f6\u00dfte Produzent in Niederschlesien sowie einer der gr\u00f6\u00dften Produzenten und Lieferanten von Baumwollputzlappen in Polen.<\/h2>\t\t\t\t<\/div>\n\t\t\t\t<\/div>\n\t\t\t\t<div class=\"elementor-element elementor-element-c034d43 elementor-widget__width-initial elementor-widget elementor-widget-text-editor\" data-id=\"c034d43\" data-element_type=\"widget\" data-widget_type=\"text-editor.default\">\n\t\t\t\t<div class=\"elementor-widget-container\">\n\t\t\t\t\t\t\t\t\t<p>Zu unserem Kundenkreis in Polen geh\u00f6ren gro\u00dfe und bekannte Firmen aus der Automobilbauindustrie, Produzenten von Baumaterialien, Druckereien,Werkst\u00e4tten, Maschinenhersteller und viele andere.<\/p><p>Wir produzieren auch Halbprodukte zur Herstellung von gemahlten Textilien sowie Filzen und Wattelinen auf Basis der Altkleidung sowie von Textilabf\u00e4llen wie z.B. Verschnitte, Polsterwaren sowie minderwertige N\u00e4hstoffe und spezialisieren uns auf Jeans- und Wollstoffprodukten sowie Erzeugnissen aus Baumwolle, Acryl und Polyester.<\/p><p>Die finanzielle Lage der Firma wird von Jahr zu Jahr besser. Wir besch\u00e4ftigen zur Zeit 90 Personen. Die monatliche Produktion von Putzlappen betr\u00e4gt ca. 250.000 kg und bei weiteren Produkten sogar ca. 300.000 kg.<\/p><p>Ein Gro\u00dfteil davon wird in die L\u00e4nder der Europ\u00e4ischen Union (Deutschland, Schweden, D\u00e4nemark, Belgien,Kroatien, Frankreich, den Niederlanden, Slowenien, Slowakei, Griechenland) sowie nach Ost-und S\u00fcdeuropa exportiert (Russland, Wei\u00dfrussland ).<\/p>\t\t\t\t\t\t\t\t<\/div>\n\t\t\t\t<\/div>\n\t\t\t\t\t<\/div>\n\t\t<\/div>\n\t\t\t\t\t<\/div>\n\t\t<\/section>\n\t\t<div class=\"elementor-element elementor-element-aeea6f1 e-flex e-con-boxed e-con e-parent\" data-id=\"aeea6f1\" data-element_type=\"container\">\n\t\t\t\t\t<div class=\"e-con-inner\">\n\t\t\t\t<div class=\"elementor-element elementor-element-1272af5 elementor-widget elementor-widget-image\" data-id=\"1272af5\" data-element_type=\"widget\" data-widget_type=\"image.default\">\n\t\t\t\t<div class=\"elementor-widget-container\">\n\t\t\t\t\t\t\t\t\t\t\t\t\t\t\t\t<a href=\"https:\/\/kasprowicz.com.pl\/wp-content\/uploads\/2024\/08\/IMG_0001.jpg\" data-elementor-open-lightbox=\"yes\" data-elementor-lightbox-title=\"IMG_0001\" data-e-action-hash=\"#elementor-action%3Aaction%3Dlightbox%26settings%3DeyJpZCI6NzE1LCJ1cmwiOiJodHRwczpcL1wva2FzcHJvd2ljei5jb20ucGxcL3dwLWNvbnRlbnRcL3VwbG9hZHNcLzIwMjRcLzA4XC9JTUdfMDAwMS5qcGcifQ%3D%3D\">\n\t\t\t\t\t\t\t<img decoding=\"async\" width=\"300\" height=\"211\" src=\"https:\/\/kasprowicz.com.pl\/wp-content\/uploads\/2024\/08\/IMG_0001-300x211.jpg\" class=\"attachment-medium size-medium wp-image-715\" alt=\"\" srcset=\"https:\/\/kasprowicz.com.pl\/wp-content\/uploads\/2024\/08\/IMG_0001-300x211.jpg 300w, https:\/\/kasprowicz.com.pl\/wp-content\/uploads\/2024\/08\/IMG_0001-768x541.jpg 768w, https:\/\/kasprowicz.com.pl\/wp-content\/uploads\/2024\/08\/IMG_0001.jpg 837w\" sizes=\"(max-width: 300px) 100vw, 300px\" \/>\t\t\t\t\t\t\t\t<\/a>\n\t\t\t\t\t\t\t\t\t\t\t\t\t\t\t<\/div>\n\t\t\t\t<\/div>\n\t\t\t\t<div class=\"elementor-element elementor-element-f012552 elementor-widget elementor-widget-image\" data-id=\"f012552\" data-element_type=\"widget\" data-widget_type=\"image.default\">\n\t\t\t\t<div class=\"elementor-widget-container\">\n\t\t\t\t\t\t\t\t\t\t\t\t\t\t\t\t<a href=\"https:\/\/wizytowka.rzetelnafirma.pl\/ZA989VA3\/1\">\n\t\t\t\t\t\t\t<img decoding=\"async\" width=\"300\" height=\"144\" src=\"https:\/\/kasprowicz.com.pl\/wp-content\/uploads\/2024\/08\/rzetelna_firma_1-300x144.png\" class=\"attachment-medium size-medium wp-image-718\" alt=\"\" srcset=\"https:\/\/kasprowicz.com.pl\/wp-content\/uploads\/2024\/08\/rzetelna_firma_1-300x144.png 300w, https:\/\/kasprowicz.com.pl\/wp-content\/uploads\/2024\/08\/rzetelna_firma_1.png 480w\" sizes=\"(max-width: 300px) 100vw, 300px\" \/>\t\t\t\t\t\t\t\t<\/a>\n\t\t\t\t\t\t\t\t\t\t\t\t\t\t\t<\/div>\n\t\t\t\t<\/div>\n\t\t\t\t\t<\/div>\n\t\t\t\t<\/div>\n\t\t\t\t<\/div>\n\t\t","protected":false},"excerpt":{"rendered":"<p>Firma Firma Unsere Firma wurde im Jahre 1991 gegr\u00fcndet. Heute sind wir eine der gr\u00f6\u00dften Firmen in Polen, die Baumwollputzmittel h\u00f6chster Qualit\u00e4t herstellen. Unser Unternehmen besch\u00e4ftigt sich dar\u00fcber hinaus mit dem Handel mit Second-Hand-Kleidung und der Verwertung von Abf\u00e4llen. Wir sind der gr\u00f6\u00dfte Produzent in Niederschlesien sowie einer der gr\u00f6\u00dften Produzenten und Lieferanten von Baumwollputzlappen [&hellip;]<\/p>\n","protected":false},"author":2,"featured_media":0,"parent":0,"menu_order":0,"comment_status":"closed","ping_status":"closed","template":"elementor_header_footer","meta":{"_acf_changed":false,"footnotes":""},"class_list":["post-777","page","type-page","status-publish","hentry"],"acf":[],"yoast_head":"<!-- This site is optimized with the Yoast SEO plugin v26.0 - https:\/\/yoast.com\/wordpress\/plugins\/seo\/ -->\n<title>Firma - Czy\u015bciwo - KASPROWICZ - Czy\u015bciwo bawe\u0142niane, przemys\u0142owe i techniczne<\/title>\n<meta name=\"robots\" content=\"index, follow, max-snippet:-1, max-image-preview:large, max-video-preview:-1\" \/>\n<link rel=\"canonical\" href=\"https:\/\/kasprowicz.com.pl\/firma\/\" \/>\n<meta property=\"og:locale\" content=\"de_DE\" \/>\n<meta property=\"og:type\" content=\"article\" \/>\n<meta property=\"og:title\" content=\"Firma - Czy\u015bciwo - KASPROWICZ - Czy\u015bciwo bawe\u0142niane, przemys\u0142owe i techniczne\" \/>\n<meta property=\"og:description\" content=\"Firma Firma Unsere Firma wurde im Jahre 1991 gegr\u00fcndet. Heute sind wir eine der gr\u00f6\u00dften Firmen in Polen, die Baumwollputzmittel h\u00f6chster Qualit\u00e4t herstellen. Unser Unternehmen besch\u00e4ftigt sich dar\u00fcber hinaus mit dem Handel mit Second-Hand-Kleidung und der Verwertung von Abf\u00e4llen. Wir sind der gr\u00f6\u00dfte Produzent in Niederschlesien sowie einer der gr\u00f6\u00dften Produzenten und Lieferanten von Baumwollputzlappen [&hellip;]\" \/>\n<meta property=\"og:url\" content=\"https:\/\/kasprowicz.com.pl\/firma\/\" \/>\n<meta property=\"og:site_name\" content=\"Czy\u015bciwo - KASPROWICZ - Czy\u015bciwo bawe\u0142niane, przemys\u0142owe i techniczne\" \/>\n<meta property=\"article:modified_time\" content=\"2024-08-07T08:10:31+00:00\" \/>\n<meta property=\"og:image\" content=\"https:\/\/kasprowicz.com.pl\/wp-content\/uploads\/2024\/07\/LINK_FIRMA.jpg\" \/>\n<meta name=\"twitter:card\" content=\"summary_large_image\" \/>\n<meta name=\"twitter:label1\" content=\"Gesch\u00e4tzte Lesezeit\" \/>\n\t<meta name=\"twitter:data1\" content=\"1\u00a0Minute\" \/>\n<script type=\"application\/ld+json\" class=\"yoast-schema-graph\">{\"@context\":\"https:\/\/schema.org\",\"@graph\":[{\"@type\":\"WebPage\",\"@id\":\"https:\/\/kasprowicz.com.pl\/firma\/\",\"url\":\"https:\/\/kasprowicz.com.pl\/firma\/\",\"name\":\"Firma - Czy\u015bciwo - KASPROWICZ - Czy\u015bciwo bawe\u0142niane, przemys\u0142owe i techniczne\",\"isPartOf\":{\"@id\":\"https:\/\/kasprowicz.com.pl\/#website\"},\"primaryImageOfPage\":{\"@id\":\"https:\/\/kasprowicz.com.pl\/firma\/#primaryimage\"},\"image\":{\"@id\":\"https:\/\/kasprowicz.com.pl\/firma\/#primaryimage\"},\"thumbnailUrl\":\"https:\/\/kasprowicz.com.pl\/wp-content\/uploads\/2024\/07\/LINK_FIRMA.jpg\",\"datePublished\":\"2024-08-01T12:07:47+00:00\",\"dateModified\":\"2024-08-07T08:10:31+00:00\",\"breadcrumb\":{\"@id\":\"https:\/\/kasprowicz.com.pl\/firma\/#breadcrumb\"},\"inLanguage\":\"de\",\"potentialAction\":[{\"@type\":\"ReadAction\",\"target\":[\"https:\/\/kasprowicz.com.pl\/firma\/\"]}]},{\"@type\":\"ImageObject\",\"inLanguage\":\"de\",\"@id\":\"https:\/\/kasprowicz.com.pl\/firma\/#primaryimage\",\"url\":\"https:\/\/kasprowicz.com.pl\/wp-content\/uploads\/2024\/07\/LINK_FIRMA.jpg\",\"contentUrl\":\"https:\/\/kasprowicz.com.pl\/wp-content\/uploads\/2024\/07\/LINK_FIRMA.jpg\"},{\"@type\":\"BreadcrumbList\",\"@id\":\"https:\/\/kasprowicz.com.pl\/firma\/#breadcrumb\",\"itemListElement\":[{\"@type\":\"ListItem\",\"position\":1,\"name\":\"Strona g\u0142\u00f3wna\",\"item\":\"https:\/\/kasprowicz.com.pl\/\"},{\"@type\":\"ListItem\",\"position\":2,\"name\":\"Firma\"}]},{\"@type\":\"WebSite\",\"@id\":\"https:\/\/kasprowicz.com.pl\/#website\",\"url\":\"https:\/\/kasprowicz.com.pl\/\",\"name\":\"Czy\u015bciwo - KASPROWICZ - Czy\u015bciwo bawe\u0142niane, przemys\u0142owe i techniczne\",\"description\":\"\",\"potentialAction\":[{\"@type\":\"SearchAction\",\"target\":{\"@type\":\"EntryPoint\",\"urlTemplate\":\"https:\/\/kasprowicz.com.pl\/?s={search_term_string}\"},\"query-input\":{\"@type\":\"PropertyValueSpecification\",\"valueRequired\":true,\"valueName\":\"search_term_string\"}}],\"inLanguage\":\"de\"}]}<\/script>\n<!-- \/ Yoast SEO plugin. -->","yoast_head_json":{"title":"Firma - Czy\u015bciwo - KASPROWICZ - Czy\u015bciwo bawe\u0142niane, przemys\u0142owe i techniczne","robots":{"index":"index","follow":"follow","max-snippet":"max-snippet:-1","max-image-preview":"max-image-preview:large","max-video-preview":"max-video-preview:-1"},"canonical":"https:\/\/kasprowicz.com.pl\/firma\/","og_locale":"de_DE","og_type":"article","og_title":"Firma - Czy\u015bciwo - KASPROWICZ - Czy\u015bciwo bawe\u0142niane, przemys\u0142owe i techniczne","og_description":"Firma Firma Unsere Firma wurde im Jahre 1991 gegr\u00fcndet. Heute sind wir eine der gr\u00f6\u00dften Firmen in Polen, die Baumwollputzmittel h\u00f6chster Qualit\u00e4t herstellen. Unser Unternehmen besch\u00e4ftigt sich dar\u00fcber hinaus mit dem Handel mit Second-Hand-Kleidung und der Verwertung von Abf\u00e4llen. Wir sind der gr\u00f6\u00dfte Produzent in Niederschlesien sowie einer der gr\u00f6\u00dften Produzenten und Lieferanten von Baumwollputzlappen [&hellip;]","og_url":"https:\/\/kasprowicz.com.pl\/firma\/","og_site_name":"Czy\u015bciwo - KASPROWICZ - Czy\u015bciwo bawe\u0142niane, przemys\u0142owe i techniczne","article_modified_time":"2024-08-07T08:10:31+00:00","og_image":[{"url":"https:\/\/kasprowicz.com.pl\/wp-content\/uploads\/2024\/07\/LINK_FIRMA.jpg","type":"","width":"","height":""}],"twitter_card":"summary_large_image","twitter_misc":{"Gesch\u00e4tzte Lesezeit":"1\u00a0Minute"},"schema":{"@context":"https:\/\/schema.org","@graph":[{"@type":"WebPage","@id":"https:\/\/kasprowicz.com.pl\/firma\/","url":"https:\/\/kasprowicz.com.pl\/firma\/","name":"Firma - Czy\u015bciwo - KASPROWICZ - Czy\u015bciwo bawe\u0142niane, przemys\u0142owe i techniczne","isPartOf":{"@id":"https:\/\/kasprowicz.com.pl\/#website"},"primaryImageOfPage":{"@id":"https:\/\/kasprowicz.com.pl\/firma\/#primaryimage"},"image":{"@id":"https:\/\/kasprowicz.com.pl\/firma\/#primaryimage"},"thumbnailUrl":"https:\/\/kasprowicz.com.pl\/wp-content\/uploads\/2024\/07\/LINK_FIRMA.jpg","datePublished":"2024-08-01T12:07:47+00:00","dateModified":"2024-08-07T08:10:31+00:00","breadcrumb":{"@id":"https:\/\/kasprowicz.com.pl\/firma\/#breadcrumb"},"inLanguage":"de","potentialAction":[{"@type":"ReadAction","target":["https:\/\/kasprowicz.com.pl\/firma\/"]}]},{"@type":"ImageObject","inLanguage":"de","@id":"https:\/\/kasprowicz.com.pl\/firma\/#primaryimage","url":"https:\/\/kasprowicz.com.pl\/wp-content\/uploads\/2024\/07\/LINK_FIRMA.jpg","contentUrl":"https:\/\/kasprowicz.com.pl\/wp-content\/uploads\/2024\/07\/LINK_FIRMA.jpg"},{"@type":"BreadcrumbList","@id":"https:\/\/kasprowicz.com.pl\/firma\/#breadcrumb","itemListElement":[{"@type":"ListItem","position":1,"name":"Strona g\u0142\u00f3wna","item":"https:\/\/kasprowicz.com.pl\/"},{"@type":"ListItem","position":2,"name":"Firma"}]},{"@type":"WebSite","@id":"https:\/\/kasprowicz.com.pl\/#website","url":"https:\/\/kasprowicz.com.pl\/","name":"Czy\u015bciwo - KASPROWICZ - Czy\u015bciwo bawe\u0142niane, przemys\u0142owe i techniczne","description":"","potentialAction":[{"@type":"SearchAction","target":{"@type":"EntryPoint","urlTemplate":"https:\/\/kasprowicz.com.pl\/?s={search_term_string}"},"query-input":{"@type":"PropertyValueSpecification","valueRequired":true,"valueName":"search_term_string"}}],"inLanguage":"de"}]}},"_links":{"self":[{"href":"https:\/\/kasprowicz.com.pl\/de\/wp-json\/wp\/v2\/pages\/777","targetHints":{"allow":["GET"]}}],"collection":[{"href":"https:\/\/kasprowicz.com.pl\/de\/wp-json\/wp\/v2\/pages"}],"about":[{"href":"https:\/\/kasprowicz.com.pl\/de\/wp-json\/wp\/v2\/types\/page"}],"author":[{"embeddable":true,"href":"https:\/\/kasprowicz.com.pl\/de\/wp-json\/wp\/v2\/users\/2"}],"replies":[{"embeddable":true,"href":"https:\/\/kasprowicz.com.pl\/de\/wp-json\/wp\/v2\/comments?post=777"}],"version-history":[{"count":4,"href":"https:\/\/kasprowicz.com.pl\/de\/wp-json\/wp\/v2\/pages\/777\/revisions"}],"predecessor-version":[{"id":782,"href":"https:\/\/kasprowicz.com.pl\/de\/wp-json\/wp\/v2\/pages\/777\/revisions\/782"}],"wp:attachment":[{"href":"https:\/\/kasprowicz.com.pl\/de\/wp-json\/wp\/v2\/media?parent=777"}],"curies":[{"name":"wp","href":"https:\/\/api.w.org\/{rel}","templated":true}]}}